{"id":589,"date":"2020-04-21T12:51:54","date_gmt":"2020-04-21T12:51:54","guid":{"rendered":"https:\/\/cdwaste-managevet.com\/courses\/"},"modified":"2022-08-17T13:59:55","modified_gmt":"2022-08-17T13:59:55","slug":"courses","status":"publish","type":"page","link":"https:\/\/cdwaste-managevet.com\/ro\/courses\/","title":{"rendered":"CURSURI"},"content":{"rendered":"<div class=\"wpb-content-wrapper\"><p>[vc_row][vc_column][vc_column_text]G\u0103si\u021bi <a href=\"https:\/\/cdwm-vet.upb.ro\/login\/index.php\"><strong>aici<\/strong><\/a> platforma de formare online CDWaste-ManageVET.<\/p>\n<p>Urma\u021bi linkul pentru a accesa cursul de e-learning \u00een versiunea EN \u0219i \u00ab navigati cu rolul vizitator\u00bb.<\/p>\n<p>Dac\u0103 dori\u021bi s\u0103 accesati cursul \u00een limba FR, ES, PT, GR sau IT, v\u0103 rug\u0103m s\u0103 trimite\u021bi datele de \u00eenregistrare la urm\u0103torul \u201e<a href=\"https:\/\/freeonlinesurveys.com\/s\/vPwTaUOv#\/0\">link<\/a>\u201d De \u00eendat\u0103 ce sunte\u021bi \u00eenscris, ve\u021bi primi un e-mail automat cu instruc\u021biuni suplimentare.<\/p>\n<p>Dac\u0103 ave\u021bi nevoie de asisten\u021b\u0103 suplimentar\u0103, v\u0103 rug\u0103m s\u0103 ne contacta\u021bi ISQ <a href=\"mailto:formacao@isq.pt\">formacao@isq.pt<\/a>[\/vc_column_text][\/vc_column][\/vc_row]<\/p>\n<\/div>","protected":false},"excerpt":{"rendered":"<p>[vc_row][vc_column][vc_column_text]G\u0103si\u021bi aici platforma de formare online CDWaste-ManageVET. Urma\u021bi linkul pentru a accesa cursul de e-learning \u00een versiunea EN \u0219i \u00ab navigati cu rolul vizitator\u00bb. Dac\u0103 dori\u021bi s\u0103 accesati cursul \u00een limba FR, ES, PT, GR sau IT, v\u0103 rug\u0103m s\u0103 trimite\u021bi datele de \u00eenregistrare la urm\u0103torul \u201elink\u201d De \u00eendat\u0103 ce sunte\u021bi \u00eenscris, ve\u021bi primi un&hellip;<\/p>\n","protected":false},"author":1,"featured_media":0,"parent":0,"menu_order":0,"comment_status":"closed","ping_status":"closed","template":"","meta":{"footnotes":""},"class_list":["post-589","page","type-page","status-publish","hentry","description-off"],"yoast_head":"<!-- This site is optimized with the Yoast SEO plugin v26.2 - https:\/\/yoast.com\/wordpress\/plugins\/seo\/ -->\n<title>CURSURI - CDWaste-ManageVET (2019-2023)<\/title>\n<meta name=\"robots\" content=\"index, follow, max-snippet:-1, max-image-preview:large, max-video-preview:-1\" \/>\n<link rel=\"canonical\" href=\"https:\/\/cdwaste-managevet.com\/ro\/courses\/\" \/>\n<meta property=\"og:locale\" content=\"ro_RO\" \/>\n<meta property=\"og:type\" content=\"article\" \/>\n<meta property=\"og:title\" content=\"CURSURI - CDWaste-ManageVET (2019-2023)\" \/>\n<meta property=\"og:description\" content=\"[vc_row][vc_column][vc_column_text]G\u0103si\u021bi aici platforma de formare online CDWaste-ManageVET. Urma\u021bi linkul pentru a accesa cursul de e-learning \u00een versiunea EN \u0219i \u00ab navigati cu rolul vizitator\u00bb. Dac\u0103 dori\u021bi s\u0103 accesati cursul \u00een limba FR, ES, PT, GR sau IT, v\u0103 rug\u0103m s\u0103 trimite\u021bi datele de \u00eenregistrare la urm\u0103torul \u201elink\u201d De \u00eendat\u0103 ce sunte\u021bi \u00eenscris, ve\u021bi primi un&hellip;\" \/>\n<meta property=\"og:url\" content=\"https:\/\/cdwaste-managevet.com\/ro\/courses\/\" \/>\n<meta property=\"og:site_name\" content=\"CDWaste-ManageVET (2019-2023)\" \/>\n<meta property=\"article:modified_time\" content=\"2022-08-17T13:59:55+00:00\" \/>\n<meta name=\"twitter:card\" content=\"summary_large_image\" \/>\n<meta name=\"twitter:label1\" content=\"Timp estimat pentru citire\" \/>\n\t<meta name=\"twitter:data1\" content=\"1 minut\" \/>\n<script type=\"application\/ld+json\" class=\"yoast-schema-graph\">{\"@context\":\"https:\/\/schema.org\",\"@graph\":[{\"@type\":\"WebPage\",\"@id\":\"https:\/\/cdwaste-managevet.com\/ro\/courses\/\",\"url\":\"https:\/\/cdwaste-managevet.com\/ro\/courses\/\",\"name\":\"CURSURI - CDWaste-ManageVET (2019-2023)\",\"isPartOf\":{\"@id\":\"https:\/\/cdwaste-managevet.com\/#website\"},\"datePublished\":\"2020-04-21T12:51:54+00:00\",\"dateModified\":\"2022-08-17T13:59:55+00:00\",\"breadcrumb\":{\"@id\":\"https:\/\/cdwaste-managevet.com\/ro\/courses\/#breadcrumb\"},\"inLanguage\":\"ro-RO\",\"potentialAction\":[{\"@type\":\"ReadAction\",\"target\":[\"https:\/\/cdwaste-managevet.com\/ro\/courses\/\"]}]},{\"@type\":\"BreadcrumbList\",\"@id\":\"https:\/\/cdwaste-managevet.com\/ro\/courses\/#breadcrumb\",\"itemListElement\":[{\"@type\":\"ListItem\",\"position\":1,\"name\":\"Home\",\"item\":\"https:\/\/cdwaste-managevet.com\/ro\/\"},{\"@type\":\"ListItem\",\"position\":2,\"name\":\"CURSURI\"}]},{\"@type\":\"WebSite\",\"@id\":\"https:\/\/cdwaste-managevet.com\/#website\",\"url\":\"https:\/\/cdwaste-managevet.com\/\",\"name\":\"CDWaste-ManageVET (2019-2023)\",\"description\":\"\",\"potentialAction\":[{\"@type\":\"SearchAction\",\"target\":{\"@type\":\"EntryPoint\",\"urlTemplate\":\"https:\/\/cdwaste-managevet.com\/?s={search_term_string}\"},\"query-input\":{\"@type\":\"PropertyValueSpecification\",\"valueRequired\":true,\"valueName\":\"search_term_string\"}}],\"inLanguage\":\"ro-RO\"}]}<\/script>\n<!-- \/ Yoast SEO plugin. -->","yoast_head_json":{"title":"CURSURI - CDWaste-ManageVET (2019-2023)","robots":{"index":"index","follow":"follow","max-snippet":"max-snippet:-1","max-image-preview":"max-image-preview:large","max-video-preview":"max-video-preview:-1"},"canonical":"https:\/\/cdwaste-managevet.com\/ro\/courses\/","og_locale":"ro_RO","og_type":"article","og_title":"CURSURI - CDWaste-ManageVET (2019-2023)","og_description":"[vc_row][vc_column][vc_column_text]G\u0103si\u021bi aici platforma de formare online CDWaste-ManageVET. Urma\u021bi linkul pentru a accesa cursul de e-learning \u00een versiunea EN \u0219i \u00ab navigati cu rolul vizitator\u00bb. Dac\u0103 dori\u021bi s\u0103 accesati cursul \u00een limba FR, ES, PT, GR sau IT, v\u0103 rug\u0103m s\u0103 trimite\u021bi datele de \u00eenregistrare la urm\u0103torul \u201elink\u201d De \u00eendat\u0103 ce sunte\u021bi \u00eenscris, ve\u021bi primi un&hellip;","og_url":"https:\/\/cdwaste-managevet.com\/ro\/courses\/","og_site_name":"CDWaste-ManageVET (2019-2023)","article_modified_time":"2022-08-17T13:59:55+00:00","twitter_card":"summary_large_image","twitter_misc":{"Timp estimat pentru citire":"1 minut"},"schema":{"@context":"https:\/\/schema.org","@graph":[{"@type":"WebPage","@id":"https:\/\/cdwaste-managevet.com\/ro\/courses\/","url":"https:\/\/cdwaste-managevet.com\/ro\/courses\/","name":"CURSURI - CDWaste-ManageVET (2019-2023)","isPartOf":{"@id":"https:\/\/cdwaste-managevet.com\/#website"},"datePublished":"2020-04-21T12:51:54+00:00","dateModified":"2022-08-17T13:59:55+00:00","breadcrumb":{"@id":"https:\/\/cdwaste-managevet.com\/ro\/courses\/#breadcrumb"},"inLanguage":"ro-RO","potentialAction":[{"@type":"ReadAction","target":["https:\/\/cdwaste-managevet.com\/ro\/courses\/"]}]},{"@type":"BreadcrumbList","@id":"https:\/\/cdwaste-managevet.com\/ro\/courses\/#breadcrumb","itemListElement":[{"@type":"ListItem","position":1,"name":"Home","item":"https:\/\/cdwaste-managevet.com\/ro\/"},{"@type":"ListItem","position":2,"name":"CURSURI"}]},{"@type":"WebSite","@id":"https:\/\/cdwaste-managevet.com\/#website","url":"https:\/\/cdwaste-managevet.com\/","name":"CDWaste-ManageVET (2019-2023)","description":"","potentialAction":[{"@type":"SearchAction","target":{"@type":"EntryPoint","urlTemplate":"https:\/\/cdwaste-managevet.com\/?s={search_term_string}"},"query-input":{"@type":"PropertyValueSpecification","valueRequired":true,"valueName":"search_term_string"}}],"inLanguage":"ro-RO"}]}},"_links":{"self":[{"href":"https:\/\/cdwaste-managevet.com\/ro\/wp-json\/wp\/v2\/pages\/589","targetHints":{"allow":["GET"]}}],"collection":[{"href":"https:\/\/cdwaste-managevet.com\/ro\/wp-json\/wp\/v2\/pages"}],"about":[{"href":"https:\/\/cdwaste-managevet.com\/ro\/wp-json\/wp\/v2\/types\/page"}],"author":[{"embeddable":true,"href":"https:\/\/cdwaste-managevet.com\/ro\/wp-json\/wp\/v2\/users\/1"}],"replies":[{"embeddable":true,"href":"https:\/\/cdwaste-managevet.com\/ro\/wp-json\/wp\/v2\/comments?post=589"}],"version-history":[{"count":11,"href":"https:\/\/cdwaste-managevet.com\/ro\/wp-json\/wp\/v2\/pages\/589\/revisions"}],"predecessor-version":[{"id":2464,"href":"https:\/\/cdwaste-managevet.com\/ro\/wp-json\/wp\/v2\/pages\/589\/revisions\/2464"}],"wp:attachment":[{"href":"https:\/\/cdwaste-managevet.com\/ro\/wp-json\/wp\/v2\/media?parent=589"}],"curies":[{"name":"wp","href":"https:\/\/api.w.org\/{rel}","templated":true}]}}