{"id":684,"date":"2020-04-21T12:50:51","date_gmt":"2020-04-21T12:50:51","guid":{"rendered":"https:\/\/cdwaste-managevet.com\/projects-outputs\/"},"modified":"2022-10-08T15:20:40","modified_gmt":"2022-10-08T15:20:40","slug":"projects-outputs","status":"publish","type":"page","link":"https:\/\/cdwaste-managevet.com\/pt-pt\/projects-outputs\/","title":{"rendered":"RESULTADOS"},"content":{"rendered":"<div class=\"wpb-content-wrapper\"><p>[vc_row][vc_column][vc_column_text]<\/p>\n<h3>Resultados<\/h3>\n<p>Os principais resultados tang\u00edveis do projeto incluem:<\/p>\n<ul>\n<li><strong><a href=\"https:\/\/cdwaste-managevet.com\/wp-content\/uploads\/2020\/11\/Sum\u00e1rio-executivo-PT.pdf\">Estado da Arte dos sectores da Constru\u00e7\u00e3o e Res\u00edduos<\/a><\/strong> e um Manual de Boas Pr\u00e1ticas<\/li>\n<li><a href=\"https:\/\/cdwaste-managevet.com\/wp-content\/uploads\/2022\/08\/IO2-Training-Manual-PT_FV.pdf\"><strong>Curr\u00edculo<\/strong> <strong>CDWaste-ManageVET<\/strong><\/a> com <a href=\"https:\/\/cdwaste-managevet.com\/wp-content\/uploads\/2022\/10\/IO2.A3.-WLB-Component-Manual_PT.docx\"><strong>componente de forma\u00e7\u00e3o em contexto de trabalho<\/strong><\/a><\/li>\n<li><a href=\"https:\/\/moodle.isq.pt\/course\/view.php?id=421\"><strong>Curso online<\/strong><\/a> CDWaste-ManageVET<\/li>\n<li><strong><a href=\"https:\/\/cdwaste-managevet.com\/wp-content\/uploads\/2022\/09\/Pilot-report-Project_ISQ_Portugal.ppsx.pptx\">Forma\u00e7\u00e3o-piloto<\/a> <\/strong>CDWaste-ManageVET em b-learning<\/li>\n<\/ul>\n<p><strong>\u00a0<\/strong><\/p>\n<h3>Impacto<\/h3>\n<p>As atividades do projeto CD Waste-ManageVET e os seus resultados ter\u00e3o, como impacto desejado, tanto em grupos-alvo diretos como indiretos,<strong> o aumento das oportunidades de carreira para os trabalhadores da constru\u00e7\u00e3o<\/strong> <strong>civil<\/strong> e a sua melhor <strong>integra\u00e7\u00e3o num mercado de trabalho mais ecol\u00f3gico e em evolu\u00e7\u00e3o.<\/strong><\/p>\n<p>Outro impacto desejado, \u00e9 a melhoria da imagem das empresas de constru\u00e7\u00e3o locais que promovem a <strong>gest\u00e3o<\/strong> <strong>sustent\u00e1vel dos RCD<\/strong> e a sua sensibiliza\u00e7\u00e3o para ferramentas de aprendizagem inovadoras.<\/p>\n<p>Estas <strong>boas pr\u00e1ticas ser\u00e3o difundidas e aplicadas<\/strong> a n\u00edvel nacional, aumentando tamb\u00e9m o n\u00famero de formadores profissionalmente dotados com conceitos did\u00e1ticos transfer\u00edveis.<\/p>\n<p>Ao n\u00edvel Europeu, ser\u00e1 alcan\u00e7ada <strong>uma melhor coopera\u00e7\u00e3o <\/strong>entre pa\u00edses, relativa a projetos de aprendizagem participativa, e <strong>melhoria de sinergias<\/strong> entre parceiros prestadores de EFP, formadores e ensino superior.<\/p>\n<p>Por \u00faltimo, mas n\u00e3o menos importante, <strong>uma maior coopera\u00e7\u00e3o entre prestadores de educa\u00e7\u00e3o e forma\u00e7\u00e3o profissional<\/strong>, por um lado,<strong> e as partes interessadas do sector da constru\u00e7\u00e3o<\/strong>, por outro.<\/p>\n<p><strong>\u00a0<\/strong><\/p>\n<h3>Grupos-alvo<\/h3>\n<p>O projecto CDWaste-ManageVET destina-se aos seguintes grupos-alvo:<\/p>\n<ul>\n<li><strong>Trabalhadores do sector da constru\u00e7\u00e3o<\/strong>. Ser\u00e3o diretamente afetados, uma vez que desenvolver\u00e3o compet\u00eancias que respondam \u00e0s crescentes necessidades de requalifica\u00e7\u00e3o na \u00e1rea da Gest\u00e3o de RCD e da economia circular. Consequentemente, novas oportunidades de neg\u00f3cio ser\u00e3o desbloqueadas e garantir-se-\u00e1, por um lado, uma maior integra\u00e7\u00e3o no mercado de trabalho e, por outro, melhores condi\u00e7\u00f5es de trabalho.\u00a0Pelo menos 90 formandos do EFP desenvolver\u00e3o as suas compet\u00eancias em GRCD e, 30 destes, ser\u00e3o selecionados e beneficiados com uma participa\u00e7\u00e3o num programa de est\u00e1gio\/mentoria em contexto de trabalho.<\/li>\n<li><strong>Prestadores de EFP, formadores, Institui\u00e7\u00f5es de Ensino Superior e sector educativo <\/strong> Incorporar\u00e3o na sua oferta educativa conte\u00fados atualizados em formato VOOC (Forma\u00e7\u00e3o Profissional Aberta e \u00e0 dist\u00e2ncia), os quais integrar\u00e3o ferramentas digitais inovadoras e formas eficientes de presta\u00e7\u00e3o de EFP, combinando, ao mesmo tempo, uma componente de forma\u00e7\u00e3o em contexto de trabalho (WBL).\u00a0Pelo menos 18 prestadores de EFP (3 por pa\u00eds parceiro) ir\u00e3o atualizar os seus programas de forma\u00e7\u00e3o, integrando os resultados deste projeto.<\/li>\n<li><strong>Partes interessadas, associa\u00e7\u00f5es do sector da constru\u00e7\u00e3o, PME, ind\u00fastria de gest\u00e3o e reciclagem de res\u00edduos, organiza\u00e7\u00f5es juvenis ativas em quest\u00f5es ambientais e decisores pol\u00edticos<\/strong>. Refor\u00e7ar\u00e3o sinergias atrav\u00e9s da troca de informa\u00e7\u00f5es e boas pr\u00e1ticas, a fim de serem elaboradas recomenda\u00e7\u00f5es sobre a evolu\u00e7\u00e3o das compet\u00eancias dos colaboradores do setor da constru\u00e7\u00e3o e oferta de postos de trabalho, no que respeita \u00e0 gest\u00e3o eficiente dos RCD. Por outro lado, o sector da constru\u00e7\u00e3o pode tornar-se mais competitivo e eficiente, ao (re)utilizar mat\u00e9rias primas mais sustent\u00e1veis. Al\u00e9m disso, o di\u00e1logo social sair\u00e1 tamb\u00e9m mais refor\u00e7ado atrav\u00e9s da constitui\u00e7\u00e3o de uma rede de contatos com vista ao interc\u00e2mbio de informa\u00e7\u00f5es sobre as necessidades do setor da constru\u00e7\u00e3o, incluindo a sua abertura para adotar pr\u00e1ticas de efici\u00eancia de recursos, bem como a capacidade do sistema educativo, nomeadamente, dos prestadores de EFP para satisfazer essas necessidades, requalificando os colaboradores do sector.<\/li>\n<li><strong>A parceria do projeto<\/strong>.\u00a0Desenvolver\u00e1 a sua capacita\u00e7\u00e3o interna e refor\u00e7ar\u00e1 a sua rede de contatos nas tem\u00e1ticas encontradas ao longo do projeto.<\/li>\n<\/ul>\n<p>[\/vc_column_text][\/vc_column][\/vc_row]<\/p>\n<\/div>","protected":false},"excerpt":{"rendered":"<p>[vc_row][vc_column][vc_column_text] Resultados Os principais resultados tang\u00edveis do projeto incluem: Estado da Arte dos sectores da Constru\u00e7\u00e3o e Res\u00edduos e um Manual de Boas Pr\u00e1ticas Curr\u00edculo CDWaste-ManageVET com componente de forma\u00e7\u00e3o em contexto de trabalho Curso online CDWaste-ManageVET Forma\u00e7\u00e3o-piloto CDWaste-ManageVET em b-learning \u00a0 Impacto As atividades do projeto CD Waste-ManageVET e os seus resultados ter\u00e3o, como&hellip;<\/p>\n","protected":false},"author":1,"featured_media":0,"parent":0,"menu_order":0,"comment_status":"closed","ping_status":"closed","template":"","meta":{"footnotes":""},"class_list":["post-684","page","type-page","status-publish","hentry","description-off"],"yoast_head":"<!-- This site is optimized with the Yoast SEO plugin v26.2 - https:\/\/yoast.com\/wordpress\/plugins\/seo\/ -->\n<title>RESULTADOS - CDWaste-ManageVET (2019-2023)<\/title>\n<meta name=\"robots\" content=\"index, follow, max-snippet:-1, max-image-preview:large, max-video-preview:-1\" \/>\n<link rel=\"canonical\" href=\"https:\/\/cdwaste-managevet.com\/projects-outputs\/\" \/>\n<meta property=\"og:locale\" content=\"pt_PT\" \/>\n<meta property=\"og:type\" content=\"article\" \/>\n<meta property=\"og:title\" content=\"RESULTADOS - CDWaste-ManageVET (2019-2023)\" \/>\n<meta property=\"og:description\" content=\"[vc_row][vc_column][vc_column_text] Resultados Os principais resultados tang\u00edveis do projeto incluem: Estado da Arte dos sectores da Constru\u00e7\u00e3o e Res\u00edduos e um Manual de Boas Pr\u00e1ticas Curr\u00edculo CDWaste-ManageVET com componente de forma\u00e7\u00e3o em contexto de trabalho Curso online CDWaste-ManageVET Forma\u00e7\u00e3o-piloto CDWaste-ManageVET em b-learning \u00a0 Impacto As atividades do projeto CD Waste-ManageVET e os seus resultados ter\u00e3o, como&hellip;\" \/>\n<meta property=\"og:url\" content=\"https:\/\/cdwaste-managevet.com\/projects-outputs\/\" \/>\n<meta property=\"og:site_name\" content=\"CDWaste-ManageVET (2019-2023)\" \/>\n<meta property=\"article:modified_time\" content=\"2022-10-08T15:20:40+00:00\" \/>\n<meta name=\"twitter:card\" content=\"summary_large_image\" \/>\n<meta name=\"twitter:label1\" content=\"Tempo estimado de leitura\" \/>\n\t<meta name=\"twitter:data1\" content=\"3 minutos\" \/>\n<script type=\"application\/ld+json\" class=\"yoast-schema-graph\">{\"@context\":\"https:\/\/schema.org\",\"@graph\":[{\"@type\":\"WebPage\",\"@id\":\"https:\/\/cdwaste-managevet.com\/projects-outputs\/\",\"url\":\"https:\/\/cdwaste-managevet.com\/projects-outputs\/\",\"name\":\"RESULTADOS - CDWaste-ManageVET (2019-2023)\",\"isPartOf\":{\"@id\":\"https:\/\/cdwaste-managevet.com\/#website\"},\"datePublished\":\"2020-04-21T12:50:51+00:00\",\"dateModified\":\"2022-10-08T15:20:40+00:00\",\"breadcrumb\":{\"@id\":\"https:\/\/cdwaste-managevet.com\/projects-outputs\/#breadcrumb\"},\"inLanguage\":\"pt-PT\",\"potentialAction\":[{\"@type\":\"ReadAction\",\"target\":[\"https:\/\/cdwaste-managevet.com\/projects-outputs\/\"]}]},{\"@type\":\"BreadcrumbList\",\"@id\":\"https:\/\/cdwaste-managevet.com\/projects-outputs\/#breadcrumb\",\"itemListElement\":[{\"@type\":\"ListItem\",\"position\":1,\"name\":\"Home\",\"item\":\"https:\/\/cdwaste-managevet.com\/pt-pt\/\"},{\"@type\":\"ListItem\",\"position\":2,\"name\":\"RESULTADOS\"}]},{\"@type\":\"WebSite\",\"@id\":\"https:\/\/cdwaste-managevet.com\/#website\",\"url\":\"https:\/\/cdwaste-managevet.com\/\",\"name\":\"CDWaste-ManageVET (2019-2023)\",\"description\":\"\",\"potentialAction\":[{\"@type\":\"SearchAction\",\"target\":{\"@type\":\"EntryPoint\",\"urlTemplate\":\"https:\/\/cdwaste-managevet.com\/?s={search_term_string}\"},\"query-input\":{\"@type\":\"PropertyValueSpecification\",\"valueRequired\":true,\"valueName\":\"search_term_string\"}}],\"inLanguage\":\"pt-PT\"}]}<\/script>\n<!-- \/ Yoast SEO plugin. -->","yoast_head_json":{"title":"RESULTADOS - CDWaste-ManageVET (2019-2023)","robots":{"index":"index","follow":"follow","max-snippet":"max-snippet:-1","max-image-preview":"max-image-preview:large","max-video-preview":"max-video-preview:-1"},"canonical":"https:\/\/cdwaste-managevet.com\/projects-outputs\/","og_locale":"pt_PT","og_type":"article","og_title":"RESULTADOS - CDWaste-ManageVET (2019-2023)","og_description":"[vc_row][vc_column][vc_column_text] Resultados Os principais resultados tang\u00edveis do projeto incluem: Estado da Arte dos sectores da Constru\u00e7\u00e3o e Res\u00edduos e um Manual de Boas Pr\u00e1ticas Curr\u00edculo CDWaste-ManageVET com componente de forma\u00e7\u00e3o em contexto de trabalho Curso online CDWaste-ManageVET Forma\u00e7\u00e3o-piloto CDWaste-ManageVET em b-learning \u00a0 Impacto As atividades do projeto CD Waste-ManageVET e os seus resultados ter\u00e3o, como&hellip;","og_url":"https:\/\/cdwaste-managevet.com\/projects-outputs\/","og_site_name":"CDWaste-ManageVET (2019-2023)","article_modified_time":"2022-10-08T15:20:40+00:00","twitter_card":"summary_large_image","twitter_misc":{"Tempo estimado de leitura":"3 minutos"},"schema":{"@context":"https:\/\/schema.org","@graph":[{"@type":"WebPage","@id":"https:\/\/cdwaste-managevet.com\/projects-outputs\/","url":"https:\/\/cdwaste-managevet.com\/projects-outputs\/","name":"RESULTADOS - CDWaste-ManageVET (2019-2023)","isPartOf":{"@id":"https:\/\/cdwaste-managevet.com\/#website"},"datePublished":"2020-04-21T12:50:51+00:00","dateModified":"2022-10-08T15:20:40+00:00","breadcrumb":{"@id":"https:\/\/cdwaste-managevet.com\/projects-outputs\/#breadcrumb"},"inLanguage":"pt-PT","potentialAction":[{"@type":"ReadAction","target":["https:\/\/cdwaste-managevet.com\/projects-outputs\/"]}]},{"@type":"BreadcrumbList","@id":"https:\/\/cdwaste-managevet.com\/projects-outputs\/#breadcrumb","itemListElement":[{"@type":"ListItem","position":1,"name":"Home","item":"https:\/\/cdwaste-managevet.com\/pt-pt\/"},{"@type":"ListItem","position":2,"name":"RESULTADOS"}]},{"@type":"WebSite","@id":"https:\/\/cdwaste-managevet.com\/#website","url":"https:\/\/cdwaste-managevet.com\/","name":"CDWaste-ManageVET (2019-2023)","description":"","potentialAction":[{"@type":"SearchAction","target":{"@type":"EntryPoint","urlTemplate":"https:\/\/cdwaste-managevet.com\/?s={search_term_string}"},"query-input":{"@type":"PropertyValueSpecification","valueRequired":true,"valueName":"search_term_string"}}],"inLanguage":"pt-PT"}]}},"_links":{"self":[{"href":"https:\/\/cdwaste-managevet.com\/pt-pt\/wp-json\/wp\/v2\/pages\/684","targetHints":{"allow":["GET"]}}],"collection":[{"href":"https:\/\/cdwaste-managevet.com\/pt-pt\/wp-json\/wp\/v2\/pages"}],"about":[{"href":"https:\/\/cdwaste-managevet.com\/pt-pt\/wp-json\/wp\/v2\/types\/page"}],"author":[{"embeddable":true,"href":"https:\/\/cdwaste-managevet.com\/pt-pt\/wp-json\/wp\/v2\/users\/1"}],"replies":[{"embeddable":true,"href":"https:\/\/cdwaste-managevet.com\/pt-pt\/wp-json\/wp\/v2\/comments?post=684"}],"version-history":[{"count":12,"href":"https:\/\/cdwaste-managevet.com\/pt-pt\/wp-json\/wp\/v2\/pages\/684\/revisions"}],"predecessor-version":[{"id":2636,"href":"https:\/\/cdwaste-managevet.com\/pt-pt\/wp-json\/wp\/v2\/pages\/684\/revisions\/2636"}],"wp:attachment":[{"href":"https:\/\/cdwaste-managevet.com\/pt-pt\/wp-json\/wp\/v2\/media?parent=684"}],"curies":[{"name":"wp","href":"https:\/\/api.w.org\/{rel}","templated":true}]}}