{"id":733,"date":"2020-04-21T12:50:51","date_gmt":"2020-04-21T12:50:51","guid":{"rendered":"https:\/\/cdwaste-managevet.com\/projects-outputs\/"},"modified":"2022-10-08T15:19:01","modified_gmt":"2022-10-08T15:19:01","slug":"projects-outputs","status":"publish","type":"page","link":"https:\/\/cdwaste-managevet.com\/it\/projects-outputs\/","title":{"rendered":"RISULTATI"},"content":{"rendered":"<div class=\"wpb-content-wrapper\"><p>[vc_row][vc_column][vc_column_text]I principali <strong>risultati tangibili del progetto includono<\/strong>:<\/p>\n<ul>\n<li>Un <strong><a href=\"https:\/\/cdwaste-managevet.com\/wp-content\/uploads\/2020\/11\/Sommario-esecutivo-IT.pdf\">manuale di analisi e buone pratiche<\/a><\/strong> guidato dal settore con l&#8217;obiettivo di identificare le competenze orientate al futuro per la gestione dei rifiuti da costruzione e demolizione<\/li>\n<li><a href=\"https:\/\/cdwaste-managevet.com\/wp-content\/uploads\/2022\/08\/last-version-IO2-final-italy.pdf\"><strong>Il programma di formazione CDWaste-ManageVET<\/strong><\/a> con<strong><a href=\"https:\/\/cdwaste-managevet.com\/wp-content\/uploads\/2022\/10\/IO2.A3.-WLB-Component-Manual_FV-2-it.docx\">una componente di apprendimento basato sul lavoro (stage)<\/a><\/strong><\/li>\n<li><a href=\"https:\/\/moodle.isq.pt\/course\/index.php?lang=it\"><strong>Piattaforma di formazione<\/strong><\/a> online CDWaste-ManageVET<\/li>\n<li><a href=\"https:\/\/cdwaste-managevet.com\/wp-content\/uploads\/2022\/09\/Pilot-report-Italy-1.pptx\"><strong>Attuazione pilota del programma<\/strong><\/a> di formazione<\/li>\n<\/ul>\n<p><strong>\u00a0<\/strong><\/p>\n<h3>Impatto<\/h3>\n<p>Le attivit\u00e0 del progetto CD Waste-ManageVET e i prodotti intellettuali avranno un <strong>impatto sia sui gruppi target diretti del progetto che su quelli trasversali<\/strong>, creando <strong>maggiori opportunit\u00e0 professionali per i lavoratori edili<\/strong> e una <strong>migliore integrazione nell&#8217;attuale mercato del lavoro che si sta evolvendo verso modelli di produzione e di funzionamento pi\u00f9 &#8220;verdi&#8221; e sostenibili.<\/strong><\/p>\n<p>Promuover\u00e0 inoltre un&#8217;immagine positiva delle imprese locali che promuovono la <strong>gestione sostenibile dei CDN<\/strong> e sensibilizzer\u00e0 l&#8217;opinione pubblica sugli strumenti di apprendimento innovativi esistenti.<\/p>\n<p>A livello nazionale, <strong>saranno diffuse e attuate buone pratiche regionali<\/strong> e sar\u00e0 aumentato il numero di formatori professionalmente dotati di concetti di apprendimento trasferibili.<\/p>\n<p>A livello di Unione Europea, si otterr\u00e0 una <strong>migliore cooperazione<\/strong> tra le regioni sui progetti di apprendimento partecipativo, si creeranno <strong>migliori contatti e sinergie<\/strong> tra le regioni partner e si aumenter\u00e0 la capacit\u00e0 di professionalizzazione dei fornitori di IFP, degli enti e del settore dell&#8217;istruzione.<\/p>\n<p>Infine, ma non per questo meno importante, <strong>l&#8217;estensione della cooperazione tra i rappresentanti degli enti di istruzione e formazione da un lato e gli attori del settore delle costruzioni dall&#8217;altro avr\u00e0 un effetto molto positivo sul settore<\/strong>.<\/p>\n<p><strong>\u00a0<\/strong><\/p>\n<h3>Gruppi obiettivo<\/h3>\n<p>CDWaste-ManageVET si rivolge ai seguenti gruppi:<\/p>\n<ul>\n<li><strong>Lavoratori edili<\/strong>. Essi saranno i diretti beneficiari del progetto, in quanto svilupperanno capacit\u00e0 e competenze che rispondono alle crescenti esigenze di qualificazione nel campo della gestione dei CDN e dell&#8217;economia circolare. Di conseguenza, si apriranno nuove opportunit\u00e0 commerciali che garantiranno migliori opportunit\u00e0 di integrazione nel mercato del lavoro o la garanzia di migliori condizioni di lavoro. Almeno 90 allievi in formazione svilupperanno le loro competenze nel campo della gestione del DCR e, tra questi, 30 allievi in formazione professionale saranno selezionati per partecipare ad un programma di tirocinio.<\/li>\n<li><strong>IFP, formatori, istituti di istruzione superiore e il settore dell&#8217;istruzione in generale.<\/strong> Essi incorporeranno nelle loro organizzazioni un VOOC sulla moderna gestione dei CDN che integrer\u00e0 strumenti di formazione digitale innovativi e modi efficienti di erogare VET, combinando il CDM. Almeno 18 enti di formazione professionale (3 enti di formazione professionale per paese partner) rafforzeranno i nuovi programmi di formazione integrando i risultati del progetto.<\/li>\n<li><strong>Le parti interessate, le associazioni del settore edilizio, le PMI, l&#8217;industria della gestione dei rifiuti e del riciclaggio, le organizzazioni giovanili attive nel settore ambientale e i responsabili politici<\/strong> svilupperanno le loro capacit\u00e0 attraverso lo scambio di informazioni e buone pratiche al fine di formulare raccomandazioni sull&#8217;evoluzione delle competenze e dei profili professionali in relazione alla gestione efficiente dei CDW e di aiutare il settore a diventare pi\u00f9 competitivo, pi\u00f9 efficiente sotto il profilo delle risorse e quindi pi\u00f9 sostenibile. Inoltre, sar\u00e0 rafforzato il dialogo sociale e sar\u00e0 creata una rete per migliorare lo scambio di informazioni su queste esigenze, ponendo l&#8217;accento sulla disponibilit\u00e0 del settore delle costruzioni ad adottare pratiche efficienti in termini di risorse, nonch\u00e9 sulla capacit\u00e0 dei sistemi di istruzione e in particolare degli enti di istruzione e formazione professionale di soddisfare tali esigenze.<\/li>\n<li><strong>I partner del progetto<\/strong>. Svilupperanno le loro capacit\u00e0 e rafforzeranno le loro reti nei campi e nei temi affrontati attraverso il progetto.<\/li>\n<\/ul>\n<p>[\/vc_column_text][\/vc_column][\/vc_row]<\/p>\n<\/div>","protected":false},"excerpt":{"rendered":"<p>[vc_row][vc_column][vc_column_text]I principali risultati tangibili del progetto includono: Un manuale di analisi e buone pratiche guidato dal settore con l&#8217;obiettivo di identificare le competenze orientate al futuro per la gestione dei rifiuti da costruzione e demolizione Il programma di formazione CDWaste-ManageVET conuna componente di apprendimento basato sul lavoro (stage) Piattaforma di formazione online CDWaste-ManageVET Attuazione pilota&hellip;<\/p>\n","protected":false},"author":1,"featured_media":0,"parent":0,"menu_order":0,"comment_status":"closed","ping_status":"closed","template":"","meta":{"footnotes":""},"class_list":["post-733","page","type-page","status-publish","hentry","description-off"],"yoast_head":"<!-- This site is optimized with the Yoast SEO plugin v26.2 - https:\/\/yoast.com\/wordpress\/plugins\/seo\/ -->\n<title>RISULTATI - CDWaste-ManageVET (2019-2023)<\/title>\n<meta name=\"robots\" content=\"index, follow, max-snippet:-1, max-image-preview:large, max-video-preview:-1\" \/>\n<link rel=\"canonical\" href=\"https:\/\/cdwaste-managevet.com\/projects-outputs\/\" \/>\n<meta property=\"og:locale\" content=\"it_IT\" \/>\n<meta property=\"og:type\" content=\"article\" \/>\n<meta property=\"og:title\" content=\"RISULTATI - CDWaste-ManageVET (2019-2023)\" \/>\n<meta property=\"og:description\" content=\"[vc_row][vc_column][vc_column_text]I principali risultati tangibili del progetto includono: Un manuale di analisi e buone pratiche guidato dal settore con l&#8217;obiettivo di identificare le competenze orientate al futuro per la gestione dei rifiuti da costruzione e demolizione Il programma di formazione CDWaste-ManageVET conuna componente di apprendimento basato sul lavoro (stage) Piattaforma di formazione online CDWaste-ManageVET Attuazione pilota&hellip;\" \/>\n<meta property=\"og:url\" content=\"https:\/\/cdwaste-managevet.com\/projects-outputs\/\" \/>\n<meta property=\"og:site_name\" content=\"CDWaste-ManageVET (2019-2023)\" \/>\n<meta property=\"article:modified_time\" content=\"2022-10-08T15:19:01+00:00\" \/>\n<meta name=\"twitter:card\" content=\"summary_large_image\" \/>\n<meta name=\"twitter:label1\" content=\"Tempo di lettura stimato\" \/>\n\t<meta name=\"twitter:data1\" content=\"3 minuti\" \/>\n<script type=\"application\/ld+json\" class=\"yoast-schema-graph\">{\"@context\":\"https:\/\/schema.org\",\"@graph\":[{\"@type\":\"WebPage\",\"@id\":\"https:\/\/cdwaste-managevet.com\/projects-outputs\/\",\"url\":\"https:\/\/cdwaste-managevet.com\/projects-outputs\/\",\"name\":\"RISULTATI - CDWaste-ManageVET (2019-2023)\",\"isPartOf\":{\"@id\":\"https:\/\/cdwaste-managevet.com\/#website\"},\"datePublished\":\"2020-04-21T12:50:51+00:00\",\"dateModified\":\"2022-10-08T15:19:01+00:00\",\"breadcrumb\":{\"@id\":\"https:\/\/cdwaste-managevet.com\/projects-outputs\/#breadcrumb\"},\"inLanguage\":\"it-IT\",\"potentialAction\":[{\"@type\":\"ReadAction\",\"target\":[\"https:\/\/cdwaste-managevet.com\/projects-outputs\/\"]}]},{\"@type\":\"BreadcrumbList\",\"@id\":\"https:\/\/cdwaste-managevet.com\/projects-outputs\/#breadcrumb\",\"itemListElement\":[{\"@type\":\"ListItem\",\"position\":1,\"name\":\"Home\",\"item\":\"https:\/\/cdwaste-managevet.com\/it\/\"},{\"@type\":\"ListItem\",\"position\":2,\"name\":\"RISULTATI\"}]},{\"@type\":\"WebSite\",\"@id\":\"https:\/\/cdwaste-managevet.com\/#website\",\"url\":\"https:\/\/cdwaste-managevet.com\/\",\"name\":\"CDWaste-ManageVET (2019-2023)\",\"description\":\"\",\"potentialAction\":[{\"@type\":\"SearchAction\",\"target\":{\"@type\":\"EntryPoint\",\"urlTemplate\":\"https:\/\/cdwaste-managevet.com\/?s={search_term_string}\"},\"query-input\":{\"@type\":\"PropertyValueSpecification\",\"valueRequired\":true,\"valueName\":\"search_term_string\"}}],\"inLanguage\":\"it-IT\"}]}<\/script>\n<!-- \/ Yoast SEO plugin. -->","yoast_head_json":{"title":"RISULTATI - CDWaste-ManageVET (2019-2023)","robots":{"index":"index","follow":"follow","max-snippet":"max-snippet:-1","max-image-preview":"max-image-preview:large","max-video-preview":"max-video-preview:-1"},"canonical":"https:\/\/cdwaste-managevet.com\/projects-outputs\/","og_locale":"it_IT","og_type":"article","og_title":"RISULTATI - CDWaste-ManageVET (2019-2023)","og_description":"[vc_row][vc_column][vc_column_text]I principali risultati tangibili del progetto includono: Un manuale di analisi e buone pratiche guidato dal settore con l&#8217;obiettivo di identificare le competenze orientate al futuro per la gestione dei rifiuti da costruzione e demolizione Il programma di formazione CDWaste-ManageVET conuna componente di apprendimento basato sul lavoro (stage) Piattaforma di formazione online CDWaste-ManageVET Attuazione pilota&hellip;","og_url":"https:\/\/cdwaste-managevet.com\/projects-outputs\/","og_site_name":"CDWaste-ManageVET (2019-2023)","article_modified_time":"2022-10-08T15:19:01+00:00","twitter_card":"summary_large_image","twitter_misc":{"Tempo di lettura stimato":"3 minuti"},"schema":{"@context":"https:\/\/schema.org","@graph":[{"@type":"WebPage","@id":"https:\/\/cdwaste-managevet.com\/projects-outputs\/","url":"https:\/\/cdwaste-managevet.com\/projects-outputs\/","name":"RISULTATI - CDWaste-ManageVET (2019-2023)","isPartOf":{"@id":"https:\/\/cdwaste-managevet.com\/#website"},"datePublished":"2020-04-21T12:50:51+00:00","dateModified":"2022-10-08T15:19:01+00:00","breadcrumb":{"@id":"https:\/\/cdwaste-managevet.com\/projects-outputs\/#breadcrumb"},"inLanguage":"it-IT","potentialAction":[{"@type":"ReadAction","target":["https:\/\/cdwaste-managevet.com\/projects-outputs\/"]}]},{"@type":"BreadcrumbList","@id":"https:\/\/cdwaste-managevet.com\/projects-outputs\/#breadcrumb","itemListElement":[{"@type":"ListItem","position":1,"name":"Home","item":"https:\/\/cdwaste-managevet.com\/it\/"},{"@type":"ListItem","position":2,"name":"RISULTATI"}]},{"@type":"WebSite","@id":"https:\/\/cdwaste-managevet.com\/#website","url":"https:\/\/cdwaste-managevet.com\/","name":"CDWaste-ManageVET (2019-2023)","description":"","potentialAction":[{"@type":"SearchAction","target":{"@type":"EntryPoint","urlTemplate":"https:\/\/cdwaste-managevet.com\/?s={search_term_string}"},"query-input":{"@type":"PropertyValueSpecification","valueRequired":true,"valueName":"search_term_string"}}],"inLanguage":"it-IT"}]}},"_links":{"self":[{"href":"https:\/\/cdwaste-managevet.com\/it\/wp-json\/wp\/v2\/pages\/733","targetHints":{"allow":["GET"]}}],"collection":[{"href":"https:\/\/cdwaste-managevet.com\/it\/wp-json\/wp\/v2\/pages"}],"about":[{"href":"https:\/\/cdwaste-managevet.com\/it\/wp-json\/wp\/v2\/types\/page"}],"author":[{"embeddable":true,"href":"https:\/\/cdwaste-managevet.com\/it\/wp-json\/wp\/v2\/users\/1"}],"replies":[{"embeddable":true,"href":"https:\/\/cdwaste-managevet.com\/it\/wp-json\/wp\/v2\/comments?post=733"}],"version-history":[{"count":9,"href":"https:\/\/cdwaste-managevet.com\/it\/wp-json\/wp\/v2\/pages\/733\/revisions"}],"predecessor-version":[{"id":2628,"href":"https:\/\/cdwaste-managevet.com\/it\/wp-json\/wp\/v2\/pages\/733\/revisions\/2628"}],"wp:attachment":[{"href":"https:\/\/cdwaste-managevet.com\/it\/wp-json\/wp\/v2\/media?parent=733"}],"curies":[{"name":"wp","href":"https:\/\/api.w.org\/{rel}","templated":true}]}}