{"id":731,"date":"2020-04-21T12:50:13","date_gmt":"2020-04-21T12:50:13","guid":{"rendered":"https:\/\/cdwaste-managevet.com\/partnership\/"},"modified":"2020-07-29T14:11:09","modified_gmt":"2020-07-29T14:11:09","slug":"partnership","status":"publish","type":"page","link":"https:\/\/cdwaste-managevet.com\/it\/partnership\/","title":{"rendered":"PARTNER"},"content":{"rendered":"<div class=\"wpb-content-wrapper\"><p>[vc_row][vc_column][vc_column_text]Il partenariato CDWaste-ManageVET coinvolge 7 partner di 6 paesi dell&#8217;UE, che combinano competenze complementari e consentono una copertura geografica equilibrata, fornendo contributi, prospettive e una panoramica delle diverse aree UE coinvolte.[\/vc_column_text][\/vc_column][\/vc_row][vc_row gap=&#8221;35&#8243; content_placement=&#8221;top&#8221;][vc_column width=&#8221;1\/4&#8243;][vc_single_image image=&#8221;327&#8243; img_size=&#8221;full&#8221; onclick=&#8221;custom_link&#8221; img_link_target=&#8221;_blank&#8221; link=&#8221;http:\/\/www.oec.corsica&#8221;][\/vc_column][vc_column width=&#8221;3\/4&#8243;][vc_column_text]<\/p>\n<h3>OEC- Office de l&#8217;Environnement de la Corse<\/h3>\n<p>The Office de l&#8217;Environnement de la Corse (OEC) established in 1991 by the Collectivit\u00e9 Territoriale de Corse is responsible for regional policy on the environment and sustainable development.<\/p>\n<p>Its main areas of intervention are:<\/p>\n<ul>\n<li>pollution and nuisance control, including waste disposal, promote and recovery and waste water treatment.<\/li>\n<li>Promotion of quality of life (water quality, landscape quality, spatial planning&#8230;).<\/li>\n<li>Education, awareness : environmental and sustainable development..<\/li>\n<li>protection and management of natural areas and balances, preservation of sensitive areas (coastline and mountain),<\/li>\n<li>protection and management of insular and endemic plant and animal species,<\/li>\n<li>protection of aquatic environments and water resources, protection of marine environments, fire prevention.<\/li>\n<\/ul>\n<p><strong>Address:<\/strong> 14, avenue Jean NICOLI &#8211; 20250 CORTE<br \/>\n<strong>Website:<\/strong> <a href=\"http:\/\/www.oec.corsica\" target=\"_blank\" rel=\"noopener noreferrer\">www.oec.corsica<\/a><br \/>\n<strong>Contact email:<\/strong> <a href=\"mailto:info@oec.fr\">info@oec.fr<\/a>[\/vc_column_text][\/vc_column][\/vc_row][vc_row gap=&#8221;35&#8243; content_placement=&#8221;top&#8221;][vc_column width=&#8221;1\/4&#8243;][vc_single_image image=&#8221;410&#8243; img_size=&#8221;full&#8221; onclick=&#8221;custom_link&#8221; img_link_target=&#8221;_blank&#8221; link=&#8221;https:\/\/pedmede.gr\/&#8221;][\/vc_column][vc_column width=&#8221;3\/4&#8243;][vc_column_text]<\/p>\n<h3><strong>PEDMEDE, Panhellenic Association of Engineers Contractors of Public Works<\/strong><\/h3>\n<p>PEDMEDE, Panhellenic Association of Engineers Contractors of Public Works<br \/>\nPEDMEDE, established in 1935, represents the construction sector in Greece, covering all the range of companies dealing with the construction of public and private works.<br \/>\nPEDMEDE is the sole Greek Construction Association representing the country in a European level. It is a statutory member of FIEC (European Construction Industry Federation) and EIC (European International Contractors), as well as member of EDA (European Demolition Association).<br \/>\nThe Association\u2019s premises are located in Athens. In addition, it comprises of 15 regional departments, covering all Greek regions and a separate section of Construction Companies.<br \/>\nIn the core of its scope, PEDMEDE aims to ensure and promote its members\u2019 interests and welfare in a national and regional level. In this light, it is in close cooperation with public authorities, government representatives and key stakeholders, representing the construction sector, forming polices and initiatives and having a leading role in social dialogue. Among its key services provided is law consultancy and training along with ensuring active involvement on National and European projects related to its areas of interest.<\/p>\n<p><strong>Address:<\/strong> 23 Asklipiou Str., 10680, Athens Greece<br \/>\n<strong>Website:<\/strong> <a href=\"https:\/\/pedmede.gr\/\">www.pedmede.gr<\/a><br \/>\n<strong>Contact email:<\/strong><a href=\"mailto:info@pedmede.gr\"> info@pedmede.gr<\/a>[\/vc_column_text][\/vc_column][\/vc_row][vc_row gap=&#8221;35&#8243; content_placement=&#8221;top&#8221;][vc_column width=&#8221;1\/4&#8243;][vc_single_image image=&#8221;304&#8243; img_size=&#8221;full&#8221; onclick=&#8221;custom_link&#8221; img_link_target=&#8221;_blank&#8221; link=&#8221;http:\/\/www.euknowledgespot.com\/&#8221;][\/vc_column][vc_column width=&#8221;3\/4&#8243;][vc_column_text]<\/p>\n<h3><strong>EKS, European Knowledge Spot<\/strong><\/h3>\n<p>European Knowledge Spot is a not for profit organization committed in making information and knowledge accessible to all and creating positive impact on education, social inclusion and environmental protection to build an era of peace and sustainable development.<\/p>\n<p>All activities designed and implemented by the organization are user-centered, having as cornerstone the Sustainable Development Goals (SDGs) adopted by the United Nations in the sense of building a better world for people and our planet and promoting prosperity while protecting the environment.<\/p>\n<p>Core Functions include:<\/p>\n<ul>\n<li>Promoting innovative learning methodologies and creating a knowledge hub in support of the SDGs.<\/li>\n<li>Providing high-quality learning solutions to address the capacity development needs of individuals, organizations and institutions with the aim to make the SDG a reality;<\/li>\n<li>Promoting strategies that build sustainable economic growth and address a range of social needs including education, health, equality and job opportunities, while tackling climate change<\/li>\n<li>Coordinating and drafting EU funded research project proposals and further develops research results and prototypes into innovative products and services<\/li>\n<\/ul>\n<p><strong>Address:<\/strong> Karaiskaki 11 str, 154-51 Athens, Greece<br \/>\n<strong>Website: <\/strong><u><a href=\"http:\/\/www.euknowledgespot.com\/\" target=\"_blank\" rel=\"noopener noreferrer\">http:\/\/www.euknowledgespot.com\/<\/a><br \/>\n<\/u><strong>Contact email:<\/strong> <a href=\"mailto:rkalodiki@euknowldgespot.com\">rkalodiki@euknowldgespot.com<\/a>[\/vc_column_text][\/vc_column][\/vc_row][vc_row gap=&#8221;35&#8243; content_placement=&#8221;top&#8221;][vc_column width=&#8221;1\/4&#8243;][vc_single_image image=&#8221;161&#8243; img_size=&#8221;full&#8221; onclick=&#8221;custom_link&#8221; img_link_target=&#8221;_blank&#8221; link=&#8221;http:\/\/www.formedil.it\/&#8221;][\/vc_column][vc_column width=&#8221;3\/4&#8243;][vc_column_text]<\/p>\n<h3><strong>FORMEDIL ENTE NAZIONALE PER LA FORMAZIONE E L\u2019ADDESTRAMENTO PROFESSIONALE NELL EDILIZIA<\/strong><\/h3>\n<p>Formedil established in 1980 by the social partners of construction sector: Ance Feneal uil Filca Cisl Fillea Cgil<br \/>\nFormedil, the national body for vocational training in the construction sector, aims to promote, implement and coordinate on a national scale training, qualification and retraining initiatives in the construction sector undertaken by training centers, building schools.<br \/>\nFormedil promotes conventions and memoranda of understanding with public bodies responsible for training and education training; it takes part in national and international projects by promoting, in particular, the exchange abroad of students and trainers of building schools.<br \/>\nTraining activities are carried out by local building schools according to the needs of the local labour market. Each building school, although characterised by financial and organisational autonomy, is coordinated at national level by FORMEDIL, which defines national reference standards through its own guidelines.<br \/>\nThe actions of Formedil are an expression of the political strategies on training by the social partners. The collective agreements of the sector represent the reference framework from which all the actions of the national and territorial system of building schools derive and move.<\/p>\n<p><strong>Address:<\/strong> via Giuseppe Antonio Guattani 24 &#8211; 00161 Roma<br \/>\n<strong>Website:<\/strong> <a href=\"http:\/\/www.formedil.it\/\">www.formedil.it<\/a><br \/>\n<strong>Contact email:<\/strong> <a href=\"mailto:formedili@formedil.it\">formedili@formedil.it<\/a>[\/vc_column_text][\/vc_column][\/vc_row][vc_row gap=&#8221;35&#8243; content_placement=&#8221;top&#8221;][vc_column width=&#8221;1\/4&#8243;][vc_single_image image=&#8221;320&#8243; img_size=&#8221;150&#215;150&#8243; alignment=&#8221;center&#8221; onclick=&#8221;custom_link&#8221; img_link_target=&#8221;_blank&#8221; link=&#8221;https:\/\/www.isq.pt\/EN\/&#8221;][\/vc_column][vc_column width=&#8221;3\/4&#8243;][vc_column_text]<\/p>\n<h3>ISQ, INSTITUTO DE SOLDADURA E QUALIDADE<\/h3>\n<p>ISQ is a private, non-profit and independent technological institution founded in 1965, currently running operations in more than 40 countries across the world (EU, Eastern Europe, Africa, Americas and Asia), offering its experience in technical inspections, technical assistance for engineering projects, consultancy services and training activities, supported by transversal research and development activities and by 16 accredited laboratories. For that propose, ISQ conducts Research and Development of Innovation activities (R+Di), promoting projects with national and international partners, from both public and private sector, aiming at continuous product and process innovation. ISQ is accredited for training services and training of trainers and is certified under Quality, Environmental and Safety management model, and is also an accredited body for training of trainers and teachers. ISQ also belongs to ECVET national expert group and is a board member of EVBB.<\/p>\n<p><strong>Address:<\/strong>\u00a0 Av. Prof. Dr. Cavaco Silva, n\u00ba 33, 2740-120 Porto Salvo, Portugal<br \/>\n<strong>Website:\u00a0<\/strong> <a href=\"https:\/\/www.isq.pt\/EN\/\">https:\/\/www.isq.pt\/EN\/<\/a><br \/>\n<strong>Contact email:<\/strong>\u00a0 <a href=\"mailto:info@isq.pt\">info@isq.pt<\/a> \/ Lara Ramos <a href=\"mailto:loramos@isq.pt\">loramos@isq.pt<\/a> (Project Manager)<\/p>\n<p>[\/vc_column_text][\/vc_column][\/vc_row][vc_row gap=&#8221;35&#8243; content_placement=&#8221;top&#8221;][vc_column width=&#8221;1\/4&#8243;][vc_single_image image=&#8221;154&#8243; img_size=&#8221;150&#215;150&#8243; alignment=&#8221;center&#8221; onclick=&#8221;custom_link&#8221; img_link_target=&#8221;_blank&#8221; link=&#8221;https:\/\/upb.ro\/&#8221;][\/vc_column][vc_column width=&#8221;3\/4&#8243;][vc_column_text]<\/p>\n<h3>UPB, UNIVERSITATEA POLITEHNICA DIN BUCURESTI<\/h3>\n<p>University POLITEHNICA of Bucharest is the oldest and most prestigious engineer school in Romania. Its traditions are related to the establishment, in 1818, by Gheorghe Laz\u0103r, of the first higher technical school with teaching in Romanian, at the Saint Sava Abbey in Bucharest. On 3 August 1948, the Polytechnic Institute of Bucharest was founded, which initially included 4 faculties and in which, since 1950, have appeared most of the current faculties. Based on the resolution of the Senate of November 1992, the Polytechnic Institute of Bucharest became University POLITEHNICA of Bucharest.<\/p>\n<p>University POLITEHNICA of Bucharest (UPB) assumes the mission to train specialists in different technical fields that are able to use valuable scientific, technical and cultural knowledge, to contribute to the technological, economic and social-cultural progress of the Romanian society and the contemporary world. UPB ensures a performant education, developed and perfected through a complex research activity, continuing the tradition of the Polytechnic School of Bucharest, according to the exigencies and the means offered by the modern information society. It aims to create a new technical university profile, which promotes forms of training adapted to the requirements of a competing society, subject to the integration process in the European and international community.<\/p>\n<p>Two centuries after the founding of the university and a century after the independence of Romania, the continuous thread of our goals remains the same \u2013 to educate for a better future, to find solutions through research for a better present, and to positively influence the context of our society.<\/p>\n<p><strong>Address:<\/strong> Post Office Address \u2013 Splaiul Independen\u0163ei nr. 313, Sector 6, Bucharest, Romania Postcode \u2013 RO-060042<br \/>\n<strong>Telephone<\/strong>: + 40 21 402 9100<br \/>\n<strong>Website:<\/strong> <a href=\"https:\/\/upb.ro\/\">www.upb.ro<\/a>[\/vc_column_text][\/vc_column][\/vc_row][vc_row gap=&#8221;35&#8243; content_placement=&#8221;top&#8221;][vc_column width=&#8221;1\/4&#8243;][vc_single_image image=&#8221;147&#8243; img_size=&#8221;full&#8221; onclick=&#8221;custom_link&#8221; img_link_target=&#8221;_blank&#8221; link=&#8221;https:\/\/www.fundacionlaboral.org\/&#8221;][\/vc_column][vc_column width=&#8221;3\/4&#8243;][vc_column_text]<\/p>\n<h3>FLC, FUNDACION LABORAL DE LA CONSTRUCCION<\/h3>\n<p>Since 1992 works to provide companies and employees the resources to be more professional, secure, qualified and with a more successful future, this is the main goal of the union of Confederaci\u00f3n Nacional de la Construcci\u00f3n (CNC), CCOO de Construcci\u00f3n y Servicios and Federaci\u00f3n de Industria, Construcci\u00f3n y Agro (UGT-FICA), which all together form this non-profit organisation.<\/p>\n<p>As a result of years of dedication and effort, Fundaci\u00f3n Laboral has become a benchmark entity in the sector and a key partner working for the future of companies and professionals. With more experience and knowledge at our reach, our goal is that the prevention of occupational risks, training, innovation, sustainability and new technologies are capable of assisting us to improving our sector. Thousands of construction workers are annually trained in one of its 45 training centres. The training offer consists of more than 400 training actions, and more than 100 own manuals about different construction subjects. The Foundation counts on the collaboration of more than 1500 trainers in Spain.<\/p>\n<p>Fundaci\u00f3n Laboral de la Construcci\u00f3n has an extensive experience in exchange experiences programs with other EU countries both with young students and unemployed workers as well as with general staff that want to learn from each other. Furthermore, it is an active member of the REFORME Network, a transnational network of European training institutions and organisations from 9 countries, existing for 25 years and having facilitated the exchange of expertise and good practice in the field VET.<\/p>\n<p>Since 2013 we are focused on Vocational Training and teach in several of our regional councils the higher qualification grade in \u201cRenewable Energies\u201d and medium level qualification grades in \u201cOperation and Maintenance of Construction Machinery\u201d, \u201cConstruction Technician\u201d and \u201cExcavations and probes technician\u201d.<\/p>\n<p><strong>Address:<\/strong>\u00a0c\/ Rivas, 25 &#8211; pol. Ind. Vic\u00e1lvaro, 28052 &#8211; Madrid (Madrid)<br \/>\n<strong>Website:<\/strong>\u00a0<a href=\"https:\/\/www.fundacionlaboral.org\/\" target=\"_blank\" rel=\"noopener noreferrer\">https:\/\/www.fundacionlaboral.org\/<\/a><br \/>\n<strong>Contact email:<\/strong> <a href=\"mailto:internationalprojects@fundacionlaboral.org\"> internationalprojects@fundacionlaboral.org<\/a>[\/vc_column_text][\/vc_column][\/vc_row]<\/p>\n<\/div>","protected":false},"excerpt":{"rendered":"<p>[vc_row][vc_column][vc_column_text]Il partenariato CDWaste-ManageVET coinvolge 7 partner di 6 paesi dell&#8217;UE, che combinano competenze complementari e consentono una copertura geografica equilibrata, fornendo contributi, prospettive e una panoramica delle diverse aree UE coinvolte.[\/vc_column_text][\/vc_column][\/vc_row][vc_row gap=&#8221;35&#8243; content_placement=&#8221;top&#8221;][vc_column width=&#8221;1\/4&#8243;][vc_single_image image=&#8221;327&#8243; img_size=&#8221;full&#8221; onclick=&#8221;custom_link&#8221; img_link_target=&#8221;_blank&#8221; link=&#8221;http:\/\/www.oec.corsica&#8221;][\/vc_column][vc_column width=&#8221;3\/4&#8243;][vc_column_text] OEC- Office de l&#8217;Environnement de la Corse The Office de l&#8217;Environnement de la Corse (OEC)&hellip;<\/p>\n","protected":false},"author":1,"featured_media":0,"parent":0,"menu_order":0,"comment_status":"closed","ping_status":"closed","template":"","meta":{"footnotes":""},"class_list":["post-731","page","type-page","status-publish","hentry","description-off"],"yoast_head":"<!-- This site is optimized with the Yoast SEO plugin v26.2 - https:\/\/yoast.com\/wordpress\/plugins\/seo\/ -->\n<title>PARTNER - CDWaste-ManageVET (2019-2023)<\/title>\n<meta name=\"robots\" content=\"index, follow, max-snippet:-1, max-image-preview:large, max-video-preview:-1\" \/>\n<link rel=\"canonical\" href=\"https:\/\/cdwaste-managevet.com\/it\/partnership\/\" \/>\n<meta property=\"og:locale\" content=\"it_IT\" \/>\n<meta property=\"og:type\" content=\"article\" \/>\n<meta property=\"og:title\" content=\"PARTNER - CDWaste-ManageVET (2019-2023)\" \/>\n<meta property=\"og:description\" content=\"[vc_row][vc_column][vc_column_text]Il partenariato CDWaste-ManageVET coinvolge 7 partner di 6 paesi dell&#8217;UE, che combinano competenze complementari e consentono una copertura geografica equilibrata, fornendo contributi, prospettive e una panoramica delle diverse aree UE coinvolte.[\/vc_column_text][\/vc_column][\/vc_row][vc_row gap=&#8221;35&#8243; content_placement=&#8221;top&#8221;][vc_column width=&#8221;1\/4&#8243;][vc_single_image image=&#8221;327&#8243; img_size=&#8221;full&#8221; onclick=&#8221;custom_link&#8221; img_link_target=&#8221;_blank&#8221; link=&#8221;http:\/\/www.oec.corsica&#8221;][\/vc_column][vc_column width=&#8221;3\/4&#8243;][vc_column_text] OEC- Office de l&#8217;Environnement de la Corse The Office de l&#8217;Environnement de la Corse (OEC)&hellip;\" \/>\n<meta property=\"og:url\" content=\"https:\/\/cdwaste-managevet.com\/it\/partnership\/\" \/>\n<meta property=\"og:site_name\" content=\"CDWaste-ManageVET (2019-2023)\" \/>\n<meta property=\"article:modified_time\" content=\"2020-07-29T14:11:09+00:00\" \/>\n<meta name=\"twitter:card\" content=\"summary_large_image\" \/>\n<meta name=\"twitter:label1\" content=\"Tempo di lettura stimato\" \/>\n\t<meta name=\"twitter:data1\" content=\"9 minuti\" \/>\n<script type=\"application\/ld+json\" class=\"yoast-schema-graph\">{\"@context\":\"https:\/\/schema.org\",\"@graph\":[{\"@type\":\"WebPage\",\"@id\":\"https:\/\/cdwaste-managevet.com\/it\/partnership\/\",\"url\":\"https:\/\/cdwaste-managevet.com\/it\/partnership\/\",\"name\":\"PARTNER - CDWaste-ManageVET (2019-2023)\",\"isPartOf\":{\"@id\":\"https:\/\/cdwaste-managevet.com\/#website\"},\"datePublished\":\"2020-04-21T12:50:13+00:00\",\"dateModified\":\"2020-07-29T14:11:09+00:00\",\"breadcrumb\":{\"@id\":\"https:\/\/cdwaste-managevet.com\/it\/partnership\/#breadcrumb\"},\"inLanguage\":\"it-IT\",\"potentialAction\":[{\"@type\":\"ReadAction\",\"target\":[\"https:\/\/cdwaste-managevet.com\/it\/partnership\/\"]}]},{\"@type\":\"BreadcrumbList\",\"@id\":\"https:\/\/cdwaste-managevet.com\/it\/partnership\/#breadcrumb\",\"itemListElement\":[{\"@type\":\"ListItem\",\"position\":1,\"name\":\"Home\",\"item\":\"https:\/\/cdwaste-managevet.com\/it\/\"},{\"@type\":\"ListItem\",\"position\":2,\"name\":\"PARTNER\"}]},{\"@type\":\"WebSite\",\"@id\":\"https:\/\/cdwaste-managevet.com\/#website\",\"url\":\"https:\/\/cdwaste-managevet.com\/\",\"name\":\"CDWaste-ManageVET (2019-2023)\",\"description\":\"\",\"potentialAction\":[{\"@type\":\"SearchAction\",\"target\":{\"@type\":\"EntryPoint\",\"urlTemplate\":\"https:\/\/cdwaste-managevet.com\/?s={search_term_string}\"},\"query-input\":{\"@type\":\"PropertyValueSpecification\",\"valueRequired\":true,\"valueName\":\"search_term_string\"}}],\"inLanguage\":\"it-IT\"}]}<\/script>\n<!-- \/ Yoast SEO plugin. -->","yoast_head_json":{"title":"PARTNER - CDWaste-ManageVET (2019-2023)","robots":{"index":"index","follow":"follow","max-snippet":"max-snippet:-1","max-image-preview":"max-image-preview:large","max-video-preview":"max-video-preview:-1"},"canonical":"https:\/\/cdwaste-managevet.com\/it\/partnership\/","og_locale":"it_IT","og_type":"article","og_title":"PARTNER - CDWaste-ManageVET (2019-2023)","og_description":"[vc_row][vc_column][vc_column_text]Il partenariato CDWaste-ManageVET coinvolge 7 partner di 6 paesi dell&#8217;UE, che combinano competenze complementari e consentono una copertura geografica equilibrata, fornendo contributi, prospettive e una panoramica delle diverse aree UE coinvolte.[\/vc_column_text][\/vc_column][\/vc_row][vc_row gap=&#8221;35&#8243; content_placement=&#8221;top&#8221;][vc_column width=&#8221;1\/4&#8243;][vc_single_image image=&#8221;327&#8243; img_size=&#8221;full&#8221; onclick=&#8221;custom_link&#8221; img_link_target=&#8221;_blank&#8221; link=&#8221;http:\/\/www.oec.corsica&#8221;][\/vc_column][vc_column width=&#8221;3\/4&#8243;][vc_column_text] OEC- Office de l&#8217;Environnement de la Corse The Office de l&#8217;Environnement de la Corse (OEC)&hellip;","og_url":"https:\/\/cdwaste-managevet.com\/it\/partnership\/","og_site_name":"CDWaste-ManageVET (2019-2023)","article_modified_time":"2020-07-29T14:11:09+00:00","twitter_card":"summary_large_image","twitter_misc":{"Tempo di lettura stimato":"9 minuti"},"schema":{"@context":"https:\/\/schema.org","@graph":[{"@type":"WebPage","@id":"https:\/\/cdwaste-managevet.com\/it\/partnership\/","url":"https:\/\/cdwaste-managevet.com\/it\/partnership\/","name":"PARTNER - CDWaste-ManageVET (2019-2023)","isPartOf":{"@id":"https:\/\/cdwaste-managevet.com\/#website"},"datePublished":"2020-04-21T12:50:13+00:00","dateModified":"2020-07-29T14:11:09+00:00","breadcrumb":{"@id":"https:\/\/cdwaste-managevet.com\/it\/partnership\/#breadcrumb"},"inLanguage":"it-IT","potentialAction":[{"@type":"ReadAction","target":["https:\/\/cdwaste-managevet.com\/it\/partnership\/"]}]},{"@type":"BreadcrumbList","@id":"https:\/\/cdwaste-managevet.com\/it\/partnership\/#breadcrumb","itemListElement":[{"@type":"ListItem","position":1,"name":"Home","item":"https:\/\/cdwaste-managevet.com\/it\/"},{"@type":"ListItem","position":2,"name":"PARTNER"}]},{"@type":"WebSite","@id":"https:\/\/cdwaste-managevet.com\/#website","url":"https:\/\/cdwaste-managevet.com\/","name":"CDWaste-ManageVET (2019-2023)","description":"","potentialAction":[{"@type":"SearchAction","target":{"@type":"EntryPoint","urlTemplate":"https:\/\/cdwaste-managevet.com\/?s={search_term_string}"},"query-input":{"@type":"PropertyValueSpecification","valueRequired":true,"valueName":"search_term_string"}}],"inLanguage":"it-IT"}]}},"_links":{"self":[{"href":"https:\/\/cdwaste-managevet.com\/it\/wp-json\/wp\/v2\/pages\/731","targetHints":{"allow":["GET"]}}],"collection":[{"href":"https:\/\/cdwaste-managevet.com\/it\/wp-json\/wp\/v2\/pages"}],"about":[{"href":"https:\/\/cdwaste-managevet.com\/it\/wp-json\/wp\/v2\/types\/page"}],"author":[{"embeddable":true,"href":"https:\/\/cdwaste-managevet.com\/it\/wp-json\/wp\/v2\/users\/1"}],"replies":[{"embeddable":true,"href":"https:\/\/cdwaste-managevet.com\/it\/wp-json\/wp\/v2\/comments?post=731"}],"version-history":[{"count":1,"href":"https:\/\/cdwaste-managevet.com\/it\/wp-json\/wp\/v2\/pages\/731\/revisions"}],"predecessor-version":[{"id":732,"href":"https:\/\/cdwaste-managevet.com\/it\/wp-json\/wp\/v2\/pages\/731\/revisions\/732"}],"wp:attachment":[{"href":"https:\/\/cdwaste-managevet.com\/it\/wp-json\/wp\/v2\/media?parent=731"}],"curies":[{"name":"wp","href":"https:\/\/api.w.org\/{rel}","templated":true}]}}