{"id":728,"date":"2020-04-21T12:49:18","date_gmt":"2020-04-21T12:49:18","guid":{"rendered":"https:\/\/cdwaste-managevet.com\/about\/"},"modified":"2020-09-04T08:48:07","modified_gmt":"2020-09-04T08:48:07","slug":"about","status":"publish","type":"page","link":"https:\/\/cdwaste-managevet.com\/it\/about\/","title":{"rendered":"IL PROGETTO"},"content":{"rendered":"<div class=\"wpb-content-wrapper\"><p>[vc_row bg_type=&#8221;bg_color&#8221; bg_override=&#8221;ex-full&#8221; type=&#8221;vc_default&#8221; margin_top=&#8221;5&#8243; margin_bottom=&#8221;10&#8243; css=&#8221;.vc_custom_1587737140445{margin-bottom: 10px !important;}&#8221;][vc_column width=&#8221;1\/2&#8243; css=&#8221;.vc_custom_1491746299333{padding-bottom: 0px !important;}&#8221;]<div class=\"aio-icon-component  vc_custom_1596034990759  accent-icon-color style_1\"><div id=\"Info-box-wrap-8041\" class=\"aio-icon-box left-icon\" style=\"\"  ><div class=\"aio-icon-left\"><div class=\"ult-just-icon-wrapper  \"><div class=\"align-icon\" style=\"text-align:center;\">\n<div class=\"aio-icon none \"  style=\"font-size:36px;display:inline-block;\">\n\t<i class=\"icomoon-the7-font-delicious\"><\/i>\n<\/div><\/div><\/div><\/div><div class=\"aio-ibd-block\"><div class=\"aio-icon-header\" ><h3 class=\"aio-icon-title ult-responsive\"  data-ultimate-target='#Info-box-wrap-8041 .aio-icon-title'  data-responsive-json-new='{\"font-size\":\"desktop:24px;\",\"line-height\":\"desktop:34px;\"}'  style=\"font-weight:bold;\">Il progetto<\/h3><\/div> <!-- header --><div class=\"aio-icon-description ult-responsive\"  data-ultimate-target='#Info-box-wrap-8041 .aio-icon-description'  data-responsive-json-new='{\"font-size\":\"\",\"line-height\":\"\"}'  style=\"\">&#8220;CDWaste-ManageVET &#8211; sviluppo dell&#8217;istruzione e formazione professionale -IFP- per rispondere alle esigenze di competenze nella gestione di rifiuti da costruzione e demolizione&#8221; \u00e8 un progetto cofinanziato dal programma Erasmus+ dell&#8217;UE, nel quadro dell&#8217;Azione Chiave 2: Cooperazione per l&#8217;innovazione e lo scambio di buone pratiche, che sostiene i Partenariati Strategici per l&#8217;istruzione e la formazione professionale.<\/div> <!-- description --><\/div> <!-- aio-ibd-block --><\/div> <!-- aio-icon-box --><\/div> <!-- aio-icon-component --><div class=\"aio-icon-component  vc_custom_1599209231606  accent-icon-color style_1\"><div id=\"Info-box-wrap-2244\" class=\"aio-icon-box left-icon\" style=\"\"  ><div class=\"aio-icon-left\"><div class=\"ult-just-icon-wrapper  \"><div class=\"align-icon\" style=\"text-align:center;\">\n<div class=\"aio-icon none \"  style=\"font-size:36px;display:inline-block;\">\n\t<i class=\"icomoon-the7-font-website\"><\/i>\n<\/div><\/div><\/div><\/div><div class=\"aio-ibd-block\"><div class=\"aio-icon-header\" ><h3 class=\"aio-icon-title ult-responsive\"  data-ultimate-target='#Info-box-wrap-2244 .aio-icon-title'  data-responsive-json-new='{\"font-size\":\"desktop:24px;\",\"line-height\":\"desktop:34px;\"}'  style=\"font-weight:bold;\">Numero identificativo del progetto<\/h3><\/div> <!-- header --><div class=\"aio-icon-description ult-responsive\"  data-ultimate-target='#Info-box-wrap-2244 .aio-icon-description'  data-responsive-json-new='{\"font-size\":\"\",\"line-height\":\"\"}'  style=\"\">2019-1-FR01-KA202-062962<\/div> <!-- description --><\/div> <!-- aio-ibd-block --><\/div> <!-- aio-icon-box --><\/div> <!-- aio-icon-component --><div class=\"aio-icon-component  vc_custom_1599209249402  accent-icon-color style_1\"><div id=\"Info-box-wrap-2900\" class=\"aio-icon-box left-icon\" style=\"\"  ><div class=\"aio-icon-left\"><div class=\"ult-just-icon-wrapper  \"><div class=\"align-icon\" style=\"text-align:center;\">\n<div class=\"aio-icon none \"  style=\"font-size:36px;display:inline-block;\">\n\t<i class=\"icomoon-the7-font-the7-clock-01\"><\/i>\n<\/div><\/div><\/div><\/div><div class=\"aio-ibd-block\"><div class=\"aio-icon-header\" ><h3 class=\"aio-icon-title ult-responsive\"  data-ultimate-target='#Info-box-wrap-2900 .aio-icon-title'  data-responsive-json-new='{\"font-size\":\"desktop:24px;\",\"line-height\":\"desktop:34px;\"}'  style=\"font-weight:bold;\">Durata<\/h3><\/div> <!-- header --><div class=\"aio-icon-description ult-responsive\"  data-ultimate-target='#Info-box-wrap-2900 .aio-icon-description'  data-responsive-json-new='{\"font-size\":\"\",\"line-height\":\"\"}'  style=\"\">28 months (Oct 2019- Jan 2022)<\/div> <!-- description --><\/div> <!-- aio-ibd-block --><\/div> <!-- aio-icon-box --><\/div> <!-- aio-icon-component --><div class=\"aio-icon-component  vc_custom_1587685840636  accent-icon-color style_1\"><div id=\"Info-box-wrap-7388\" class=\"aio-icon-box left-icon\" style=\"\"  ><div class=\"aio-icon-left\"><div class=\"ult-just-icon-wrapper  \"><div class=\"align-icon\" style=\"text-align:center;\">\n<div class=\"aio-icon none \"  style=\"font-size:36px;display:inline-block;\">\n\t<i class=\"dt-icon-the7-menu-012\"><\/i>\n<\/div><\/div><\/div><\/div><div class=\"aio-ibd-block\"><div class=\"aio-icon-header\" ><h3 class=\"aio-icon-title ult-responsive\"  data-ultimate-target='#Info-box-wrap-7388 .aio-icon-title'  data-responsive-json-new='{\"font-size\":\"desktop:24px;\",\"line-height\":\"desktop:34px;\"}'  style=\"font-weight:bold;\">Budget<\/h3><\/div> <!-- header --><div class=\"aio-icon-description ult-responsive\"  data-ultimate-target='#Info-box-wrap-7388 .aio-icon-description'  data-responsive-json-new='{\"font-size\":\"\",\"line-height\":\"\"}'  style=\"\">332.212,00 \u20ac<\/div> <!-- description --><\/div> <!-- aio-ibd-block --><\/div> <!-- aio-icon-box --><\/div> <!-- aio-icon-component --><div class=\"aio-icon-component  vc_custom_1599209284805  accent-icon-color style_1\"><div id=\"Info-box-wrap-8403\" class=\"aio-icon-box left-icon\" style=\"\"  ><div class=\"aio-icon-left\"><div class=\"ult-just-icon-wrapper  \"><div class=\"align-icon\" style=\"text-align:center;\">\n<div class=\"aio-icon none \"  style=\"font-size:36px;display:inline-block;\">\n\t<i class=\"icomoon-the7-font-the7-login-02\"><\/i>\n<\/div><\/div><\/div><\/div><div class=\"aio-ibd-block\"><div class=\"aio-icon-header\" ><h3 class=\"aio-icon-title ult-responsive\"  data-ultimate-target='#Info-box-wrap-8403 .aio-icon-title'  data-responsive-json-new='{\"font-size\":\"desktop:24px;\",\"line-height\":\"desktop:34px;\"}'  style=\"font-weight:bold;\">Coordinatore del progetto<\/h3><\/div> <!-- header --><div class=\"aio-icon-description ult-responsive\"  data-ultimate-target='#Info-box-wrap-8403 .aio-icon-description'  data-responsive-json-new='{\"font-size\":\"\",\"line-height\":\"\"}'  style=\"\">Office de l\u2019 environment de la Corse (OEC), Regional Public body from France<\/div> <!-- description --><\/div> <!-- aio-ibd-block --><\/div> <!-- aio-icon-box --><\/div> <!-- aio-icon-component --><div class=\"aio-icon-component  vc_custom_1596035305539  accent-icon-color style_1\"><div id=\"Info-box-wrap-1855\" class=\"aio-icon-box left-icon\" style=\"\"  ><div class=\"aio-icon-left\"><div class=\"ult-just-icon-wrapper  \"><div class=\"align-icon\" style=\"text-align:center;\">\n<div class=\"aio-icon none \"  style=\"font-size:36px;display:inline-block;\">\n\t<i class=\"dt-icon-the7-refresh-07\"><\/i>\n<\/div><\/div><\/div><\/div><div class=\"aio-ibd-block\"><div class=\"aio-icon-header\" ><h3 class=\"aio-icon-title ult-responsive\"  data-ultimate-target='#Info-box-wrap-1855 .aio-icon-title'  data-responsive-json-new='{\"font-size\":\"desktop:24px;\",\"line-height\":\"desktop:34px;\"}'  style=\"font-weight:bold;\">Partner<\/h3><\/div> <!-- header --><div class=\"aio-icon-description ult-responsive\"  data-ultimate-target='#Info-box-wrap-1855 .aio-icon-description'  data-responsive-json-new='{\"font-size\":\"\",\"line-height\":\"\"}'  style=\"\"><strong>OEC | FRANCIA <\/strong>(Coordinatore del progetto)<br \/>\n<strong>Ufficio dell\u2019ambiente in Corsica<br \/>\n<\/strong>Organismo pubblico regionale<\/p>\n<p><strong>\u00a0<\/strong><\/p>\n<p><strong>PEDMEDE | GRECIA<br \/>\n<\/strong><strong>Associazione panellenica degli Ingegneri di lavori pubblici<br \/>\n<\/strong>Interlocutore sociale che rappresenta il settore edile<\/p>\n<p><strong>\u00a0<\/strong><\/p>\n<p><strong>EKS | GRECIA<br \/>\n<\/strong><strong>Punto di conoscenza europeo<br \/>\n<\/strong>ONG<\/p>\n<p><em>\u00a0<\/em><\/p>\n<p><strong>FORMEDIL | ITALIA<br \/>\n<\/strong><strong>Formedil, organismo nazionale di formazione professionale nel settore delle costruzioni<br \/>\n<\/strong>Organizzazione nazionale congiunta per l&#8217;istruzione e la formazione professionale<\/p>\n<p><strong>\u00a0<\/strong><\/p>\n<p><strong>ISQ | PORTUGAL<br \/>\n<\/strong><strong>Istiuto di saldatura e qualit\u00e0<br \/>\n<\/strong>Istituto di Ingegneria e Ricerca e Centro di Formazione Professionale<\/p>\n<p><strong>\u00a0<\/strong><\/p>\n<p><strong>UPB | RUMANIA<br \/>\n<\/strong><strong>Universit\u00e0 politecnico di Bucarest<br \/>\n<\/strong>Istituzione di istruzione superiore<\/p>\n<p>&nbsp;<\/p>\n<p><strong>FLC | ESPA\u00d1A<br \/>\n<\/strong><strong>Fundaci\u00f3n Laboral de la Construcci\u00f3n<br \/>\n<\/strong>Fondazione e Centro di formazione professionale<\/div> <!-- description --><\/div> <!-- aio-ibd-block --><\/div> <!-- aio-icon-box --><\/div> <!-- aio-icon-component -->[\/vc_column][vc_column width=&#8221;1\/2&#8243;][vc_tta_accordion active_section=&#8221;1&#8243; collapsible_all=&#8221;true&#8221;][vc_tta_section title=&#8221;Informazioni&#8221; tab_id=&#8221;1596035008012-696c89f4-72a8&#8243;][vc_column_text]<strong>L&#8217;obiettivo di CDWaste-ManageVET<\/strong> \u00e8 di promuovere la formazione professionale per i lavoratori del settore delle costruzioni, affrontando le esigenze attuali di formazione in linea con le priorit\u00e0 dell&#8217;UE in relazione agli standard esistenti nella gestione dei rifiuti da costruzione e demolizione (C&amp;DW) e nell&#8217;economia circolare.<\/p>\n<p><strong>La CDW \u00e8 uno dei flussi di rifiuti pi\u00f9 pesanti e voluminosi generati nell&#8217;UE<\/strong>, che rappresenta circa il 36,4% della produzione totale di rifiuti nell&#8217;UE. Al fine di migliorare la gestione dei rifiuti, la Commissione Europea ha stabilito linee guida, priorit\u00e0 e iniziative come il Protocollo UE sulla gestione dei rifiuti e l&#8217;attuazione della strategia economica circolare.<\/p>\n<p><strong>La transizione verso una gestione efficace del DCR e dell&#8217;economia circolare sta portando a importanti cambiamenti strutturali nel settore delle costruzioni<\/strong>, che dovr\u00e0 adattarsi e anticipare le esigenze in termini di capacit\u00e0 e competenze in questi settori.<\/p>\n<p>Attraverso il progetto CDWaste-ManageVET, sar\u00e0 sviluppato <strong>un innovativo programma di formazione professionale<\/strong>, basato sul modello VOOC, adattato alle esigenze del mercato del lavoro e mirato a superare <strong>il deficit di competenze e le carenze esistenti nella gestione dei rifiuti da costruzione e demolizione<\/strong>.[\/vc_column_text][\/vc_tta_section][vc_tta_section title=&#8221;Ambito e obiettivi&#8221; tab_id=&#8221;1587738223924-62b0a6b6-ee82&#8243;][vc_column_text css=&#8221;.vc_custom_1596035101456{padding-right: 15px !important;padding-left: 15px !important;}&#8221;]L&#8217;obiettivo del progetto CDWaste-ManageVET <strong>\u00e8 quello di promuovere la formazione professionale dei lavoratori del settore edile, affrontando le attuali esigenze di formazione in relazione alle priorit\u00e0 dell&#8217;UE e agli attuali standard per la gestione dei rifiuti da costruzione e demolizione e l&#8217;economia circolare.<\/strong> Attraverso il progetto CDWaste-ManageVET, sar\u00e0 sviluppato <strong>un programma di formazione professionale moderno e innovativo<\/strong>, basato sul modello della formazione professionale aperta (OVT), adattato alle esigenze del mercato del lavoro e mirante a superare <strong>il deficit di competenze e le carenze nella gestione della CDW<\/strong>, migliorando le competenze della forza lavoro esistente e fornendo alle figure del settore edile le capacit\u00e0 e le competenze necessarie per gestire efficacemente la CDW.<\/p>\n<p>Gli obiettivi aggiuntivi che il progetto prevede di raggiungere sono i seguenti:<\/p>\n<ul>\n<li>Migliorare le opportunit\u00e0 di <strong>integrazione nel mercato del lavoro<\/strong> e creare le condizioni per sviluppare le capacit\u00e0 del capitale umano nel settore e migliorare le opportunit\u00e0 di carriera, attraverso lo sviluppo del libero accesso all&#8217;IFP<\/li>\n<li>Rafforzare la partecipazione dei principlai organismi che erogano formazione professionale, nonch\u00e9 dei soggetti interessati del settore delle costruzioni, attraverso lo scambio di informazioni e buone pratiche al fine di formulare raccomandazioni sull&#8217;evoluzione delle competenze e dei profili professionali.<\/li>\n<li><strong>Rafforzare la cooperazione tra istituti di formazione e aziende<\/strong>, grazie alla combinazione di formazione teorica e pratica.<\/li>\n<\/ul>\n<p>I partecipanti al progetto beneficeranno direttamente o indirettamente delle sue attivit\u00e0 e dei suoi risultati. Vale a dire, un minimo di <strong>90 allievi della \u00a0formazione professionale svilupperanno competenze specifiche del settore adattate ai cambiamenti e alle sfide legate alla transizione verso un&#8217;economia circolare<\/strong>; tra questi, <strong>30 allievi della formazione professionale parteciperanno a un programma di tirocinio su piccola scala e un minimo di 18 enti di formazione professionale miglioreranno i loro programmi di formazione integrando i risultati del progetto.<\/strong>[\/vc_column_text][\/vc_tta_section][vc_tta_section title=&#8221;Risultati&#8221; tab_id=&#8221;1587738224018-a3f458db-9129&#8243;][vc_column_text css=&#8221;.vc_custom_1596035138376{padding-right: 15px !important;padding-left: 15px !important;}&#8221;]I principali <strong>risultati tangibili del progetto includono<\/strong>:<\/p>\n<ul>\n<li>Un manuale di analisi e buone pratiche guidato dal settore con l&#8217;obiettivo di identificare le competenze orientate al futuro per la gestione dei rifiuti da costruzione e demolizione<\/li>\n<li>Il programma di formazione CDWaste-ManageVET con una componente di apprendimento basato sul lavoro (stage)<\/li>\n<li>Piattaforma di formazione online CDWaste-ManageVET<\/li>\n<li>Attuazione pilota del programma di formazione<\/li>\n<\/ul>\n<p>[\/vc_column_text][\/vc_tta_section][vc_tta_section title=&#8221;Impatto&#8221; tab_id=&#8221;1587738387566-76cfc543-2edb&#8221;][vc_column_text css=&#8221;.vc_custom_1596035177743{padding-right: 15px !important;padding-left: 15px !important;}&#8221;]Le attivit\u00e0 del progetto CD Waste-ManageVET e i prodotti intellettuali avranno un <strong>impatto sia sui gruppi target diretti del progetto che su quelli trasversali<\/strong>, creando <strong>maggiori opportunit\u00e0 professionali per i lavoratori edili<\/strong> e una <strong>migliore integrazione nell&#8217;attuale mercato del lavoro che si sta evolvendo verso modelli di produzione e di funzionamento pi\u00f9 &#8220;verdi&#8221; e sostenibili.<\/strong><\/p>\n<p>Promuover\u00e0 inoltre un&#8217;immagine positiva delle imprese locali che promuovono la <strong>gestione sostenibile dei CDN<\/strong> e sensibilizzer\u00e0 l&#8217;opinione pubblica sugli strumenti di apprendimento innovativi esistenti.<\/p>\n<p>A livello nazionale, <strong>saranno diffuse e attuate buone pratiche regionali<\/strong> e sar\u00e0 aumentato il numero di formatori professionalmente dotati di concetti di apprendimento trasferibili.<\/p>\n<p>A livello di Unione Europea, si otterr\u00e0 una <strong>migliore cooperazione<\/strong> tra le regioni sui progetti di apprendimento partecipativo, si creeranno <strong>migliori contatti e sinergie<\/strong> tra le regioni partner e si aumenter\u00e0 la capacit\u00e0 di professionalizzazione dei fornitori di IFP, degli enti e del settore dell&#8217;istruzione.<\/p>\n<p>Infine, ma non per questo meno importante, <strong>l&#8217;estensione della cooperazione tra i rappresentanti degli enti di istruzione e formazione da un lato e gli attori del settore delle costruzioni dall&#8217;altro avr\u00e0 un effetto molto positivo sul settore<\/strong>.[\/vc_column_text][\/vc_tta_section][vc_tta_section title=&#8221;Gruppi obiettivo&#8221; tab_id=&#8221;1587738509035-2da7b5e6-f58d&#8221;][vc_column_text css=&#8221;.vc_custom_1596035206009{padding-right: 15px !important;padding-left: 15px !important;}&#8221;]CDWaste-ManageVET si rivolge ai seguenti gruppi:<\/p>\n<ul>\n<li><strong>Lavoratori edili<\/strong>. Essi saranno i diretti beneficiari del progetto, in quanto svilupperanno capacit\u00e0 e competenze che rispondono alle crescenti esigenze di qualificazione nel campo della gestione dei CDN e dell&#8217;economia circolare. Di conseguenza, si apriranno nuove opportunit\u00e0 commerciali che garantiranno migliori opportunit\u00e0 di integrazione nel mercato del lavoro o la garanzia di migliori condizioni di lavoro. Almeno 90 allievi in formazione svilupperanno le loro competenze nel campo della gestione del DCR e, tra questi, 30 allievi in formazione professionale saranno selezionati per partecipare ad un programma di tirocinio.<\/li>\n<li><strong>IFP, formatori, istituti di istruzione superiore e il settore dell&#8217;istruzione in generale.<\/strong> Essi incorporeranno nelle loro organizzazioni un VOOC sulla moderna gestione dei CDN che integrer\u00e0 strumenti di formazione digitale innovativi e modi efficienti di erogare VET, combinando il CDM. Almeno 18 enti di formazione professionale (3 enti di formazione professionale per paese partner) rafforzeranno i nuovi programmi di formazione integrando i risultati del progetto.<\/li>\n<li><strong>Le parti interessate, le associazioni del settore edilizio, le PMI, l&#8217;industria della gestione dei rifiuti e del riciclaggio, le organizzazioni giovanili attive nel settore ambientale e i responsabili politici<\/strong> svilupperanno le loro capacit\u00e0 attraverso lo scambio di informazioni e buone pratiche al fine di formulare raccomandazioni sull&#8217;evoluzione delle competenze e dei profili professionali in relazione alla gestione efficiente dei CDW e di aiutare il settore a diventare pi\u00f9 competitivo, pi\u00f9 efficiente sotto il profilo delle risorse e quindi pi\u00f9 sostenibile. Inoltre, sar\u00e0 rafforzato il dialogo sociale e sar\u00e0 creata una rete per migliorare lo scambio di informazioni su queste esigenze, ponendo l&#8217;accento sulla disponibilit\u00e0 del settore delle costruzioni ad adottare pratiche efficienti in termini di risorse, nonch\u00e9 sulla capacit\u00e0 dei sistemi di istruzione e in particolare degli enti di istruzione e formazione professionale di soddisfare tali esigenze.<\/li>\n<li><strong>I partner del progetto<\/strong>. Svilupperanno le loro capacit\u00e0 e rafforzeranno le loro reti nei campi e nei temi affrontati attraverso il progetto.<\/li>\n<\/ul>\n<p>[\/vc_column_text][\/vc_tta_section][\/vc_tta_accordion][\/vc_column][\/vc_row]<\/p>\n<\/div>","protected":false},"excerpt":{"rendered":"<p>[vc_row bg_type=&#8221;bg_color&#8221; bg_override=&#8221;ex-full&#8221; type=&#8221;vc_default&#8221; margin_top=&#8221;5&#8243; margin_bottom=&#8221;10&#8243; css=&#8221;.vc_custom_1587737140445{margin-bottom: 10px !important;}&#8221;][vc_column width=&#8221;1\/2&#8243; css=&#8221;.vc_custom_1491746299333{padding-bottom: 0px !important;}&#8221;][\/vc_column][vc_column width=&#8221;1\/2&#8243;][vc_tta_accordion active_section=&#8221;1&#8243; collapsible_all=&#8221;true&#8221;][vc_tta_section title=&#8221;Informazioni&#8221; tab_id=&#8221;1596035008012-696c89f4-72a8&#8243;][vc_column_text]L&#8217;obiettivo di CDWaste-ManageVET \u00e8 di promuovere la formazione professionale per i lavoratori del settore delle costruzioni, affrontando le esigenze attuali di formazione in linea con le priorit\u00e0 dell&#8217;UE in relazione agli standard esistenti nella gestione dei rifiuti da&hellip;<\/p>\n","protected":false},"author":1,"featured_media":0,"parent":0,"menu_order":0,"comment_status":"closed","ping_status":"closed","template":"","meta":{"footnotes":""},"class_list":["post-728","page","type-page","status-publish","hentry","description-off"],"yoast_head":"<!-- This site is optimized with the Yoast SEO plugin v26.2 - https:\/\/yoast.com\/wordpress\/plugins\/seo\/ -->\n<title>IL PROGETTO - CDWaste-ManageVET (2019-2023)<\/title>\n<meta name=\"robots\" content=\"index, follow, max-snippet:-1, max-image-preview:large, max-video-preview:-1\" \/>\n<link rel=\"canonical\" href=\"https:\/\/cdwaste-managevet.com\/it\/about\/\" \/>\n<meta property=\"og:locale\" content=\"it_IT\" \/>\n<meta property=\"og:type\" content=\"article\" \/>\n<meta property=\"og:title\" content=\"IL PROGETTO - CDWaste-ManageVET (2019-2023)\" \/>\n<meta property=\"og:description\" content=\"[vc_row bg_type=&#8221;bg_color&#8221; bg_override=&#8221;ex-full&#8221; type=&#8221;vc_default&#8221; margin_top=&#8221;5&#8243; margin_bottom=&#8221;10&#8243; css=&#8221;.vc_custom_1587737140445{margin-bottom: 10px !important;}&#8221;][vc_column width=&#8221;1\/2&#8243; css=&#8221;.vc_custom_1491746299333{padding-bottom: 0px !important;}&#8221;][\/vc_column][vc_column width=&#8221;1\/2&#8243;][vc_tta_accordion active_section=&#8221;1&#8243; collapsible_all=&#8221;true&#8221;][vc_tta_section title=&#8221;Informazioni&#8221; tab_id=&#8221;1596035008012-696c89f4-72a8&#8243;][vc_column_text]L&#8217;obiettivo di CDWaste-ManageVET \u00e8 di promuovere la formazione professionale per i lavoratori del settore delle costruzioni, affrontando le esigenze attuali di formazione in linea con le priorit\u00e0 dell&#8217;UE in relazione agli standard esistenti nella gestione dei rifiuti da&hellip;\" \/>\n<meta property=\"og:url\" content=\"https:\/\/cdwaste-managevet.com\/it\/about\/\" \/>\n<meta property=\"og:site_name\" content=\"CDWaste-ManageVET (2019-2023)\" \/>\n<meta property=\"article:modified_time\" content=\"2020-09-04T08:48:07+00:00\" \/>\n<meta name=\"twitter:card\" content=\"summary_large_image\" \/>\n<meta name=\"twitter:label1\" content=\"Tempo di lettura stimato\" \/>\n\t<meta name=\"twitter:data1\" content=\"8 minuti\" \/>\n<script type=\"application\/ld+json\" class=\"yoast-schema-graph\">{\"@context\":\"https:\/\/schema.org\",\"@graph\":[{\"@type\":\"WebPage\",\"@id\":\"https:\/\/cdwaste-managevet.com\/it\/about\/\",\"url\":\"https:\/\/cdwaste-managevet.com\/it\/about\/\",\"name\":\"IL PROGETTO - CDWaste-ManageVET (2019-2023)\",\"isPartOf\":{\"@id\":\"https:\/\/cdwaste-managevet.com\/#website\"},\"datePublished\":\"2020-04-21T12:49:18+00:00\",\"dateModified\":\"2020-09-04T08:48:07+00:00\",\"breadcrumb\":{\"@id\":\"https:\/\/cdwaste-managevet.com\/it\/about\/#breadcrumb\"},\"inLanguage\":\"it-IT\",\"potentialAction\":[{\"@type\":\"ReadAction\",\"target\":[\"https:\/\/cdwaste-managevet.com\/it\/about\/\"]}]},{\"@type\":\"BreadcrumbList\",\"@id\":\"https:\/\/cdwaste-managevet.com\/it\/about\/#breadcrumb\",\"itemListElement\":[{\"@type\":\"ListItem\",\"position\":1,\"name\":\"Home\",\"item\":\"https:\/\/cdwaste-managevet.com\/it\/\"},{\"@type\":\"ListItem\",\"position\":2,\"name\":\"IL PROGETTO\"}]},{\"@type\":\"WebSite\",\"@id\":\"https:\/\/cdwaste-managevet.com\/#website\",\"url\":\"https:\/\/cdwaste-managevet.com\/\",\"name\":\"CDWaste-ManageVET (2019-2023)\",\"description\":\"\",\"potentialAction\":[{\"@type\":\"SearchAction\",\"target\":{\"@type\":\"EntryPoint\",\"urlTemplate\":\"https:\/\/cdwaste-managevet.com\/?s={search_term_string}\"},\"query-input\":{\"@type\":\"PropertyValueSpecification\",\"valueRequired\":true,\"valueName\":\"search_term_string\"}}],\"inLanguage\":\"it-IT\"}]}<\/script>\n<!-- \/ Yoast SEO plugin. -->","yoast_head_json":{"title":"IL PROGETTO - CDWaste-ManageVET (2019-2023)","robots":{"index":"index","follow":"follow","max-snippet":"max-snippet:-1","max-image-preview":"max-image-preview:large","max-video-preview":"max-video-preview:-1"},"canonical":"https:\/\/cdwaste-managevet.com\/it\/about\/","og_locale":"it_IT","og_type":"article","og_title":"IL PROGETTO - CDWaste-ManageVET (2019-2023)","og_description":"[vc_row bg_type=&#8221;bg_color&#8221; bg_override=&#8221;ex-full&#8221; type=&#8221;vc_default&#8221; margin_top=&#8221;5&#8243; margin_bottom=&#8221;10&#8243; css=&#8221;.vc_custom_1587737140445{margin-bottom: 10px !important;}&#8221;][vc_column width=&#8221;1\/2&#8243; css=&#8221;.vc_custom_1491746299333{padding-bottom: 0px !important;}&#8221;][\/vc_column][vc_column width=&#8221;1\/2&#8243;][vc_tta_accordion active_section=&#8221;1&#8243; collapsible_all=&#8221;true&#8221;][vc_tta_section title=&#8221;Informazioni&#8221; tab_id=&#8221;1596035008012-696c89f4-72a8&#8243;][vc_column_text]L&#8217;obiettivo di CDWaste-ManageVET \u00e8 di promuovere la formazione professionale per i lavoratori del settore delle costruzioni, affrontando le esigenze attuali di formazione in linea con le priorit\u00e0 dell&#8217;UE in relazione agli standard esistenti nella gestione dei rifiuti da&hellip;","og_url":"https:\/\/cdwaste-managevet.com\/it\/about\/","og_site_name":"CDWaste-ManageVET (2019-2023)","article_modified_time":"2020-09-04T08:48:07+00:00","twitter_card":"summary_large_image","twitter_misc":{"Tempo di lettura stimato":"8 minuti"},"schema":{"@context":"https:\/\/schema.org","@graph":[{"@type":"WebPage","@id":"https:\/\/cdwaste-managevet.com\/it\/about\/","url":"https:\/\/cdwaste-managevet.com\/it\/about\/","name":"IL PROGETTO - CDWaste-ManageVET (2019-2023)","isPartOf":{"@id":"https:\/\/cdwaste-managevet.com\/#website"},"datePublished":"2020-04-21T12:49:18+00:00","dateModified":"2020-09-04T08:48:07+00:00","breadcrumb":{"@id":"https:\/\/cdwaste-managevet.com\/it\/about\/#breadcrumb"},"inLanguage":"it-IT","potentialAction":[{"@type":"ReadAction","target":["https:\/\/cdwaste-managevet.com\/it\/about\/"]}]},{"@type":"BreadcrumbList","@id":"https:\/\/cdwaste-managevet.com\/it\/about\/#breadcrumb","itemListElement":[{"@type":"ListItem","position":1,"name":"Home","item":"https:\/\/cdwaste-managevet.com\/it\/"},{"@type":"ListItem","position":2,"name":"IL PROGETTO"}]},{"@type":"WebSite","@id":"https:\/\/cdwaste-managevet.com\/#website","url":"https:\/\/cdwaste-managevet.com\/","name":"CDWaste-ManageVET (2019-2023)","description":"","potentialAction":[{"@type":"SearchAction","target":{"@type":"EntryPoint","urlTemplate":"https:\/\/cdwaste-managevet.com\/?s={search_term_string}"},"query-input":{"@type":"PropertyValueSpecification","valueRequired":true,"valueName":"search_term_string"}}],"inLanguage":"it-IT"}]}},"_links":{"self":[{"href":"https:\/\/cdwaste-managevet.com\/it\/wp-json\/wp\/v2\/pages\/728","targetHints":{"allow":["GET"]}}],"collection":[{"href":"https:\/\/cdwaste-managevet.com\/it\/wp-json\/wp\/v2\/pages"}],"about":[{"href":"https:\/\/cdwaste-managevet.com\/it\/wp-json\/wp\/v2\/types\/page"}],"author":[{"embeddable":true,"href":"https:\/\/cdwaste-managevet.com\/it\/wp-json\/wp\/v2\/users\/1"}],"replies":[{"embeddable":true,"href":"https:\/\/cdwaste-managevet.com\/it\/wp-json\/wp\/v2\/comments?post=728"}],"version-history":[{"count":4,"href":"https:\/\/cdwaste-managevet.com\/it\/wp-json\/wp\/v2\/pages\/728\/revisions"}],"predecessor-version":[{"id":776,"href":"https:\/\/cdwaste-managevet.com\/it\/wp-json\/wp\/v2\/pages\/728\/revisions\/776"}],"wp:attachment":[{"href":"https:\/\/cdwaste-managevet.com\/it\/wp-json\/wp\/v2\/media?parent=728"}],"curies":[{"name":"wp","href":"https:\/\/api.w.org\/{rel}","templated":true}]}}