{"id":620,"date":"2020-04-21T12:50:51","date_gmt":"2020-04-21T12:50:51","guid":{"rendered":"https:\/\/cdwaste-managevet.com\/projects-outputs\/"},"modified":"2022-10-08T15:16:52","modified_gmt":"2022-10-08T15:16:52","slug":"projects-outputs","status":"publish","type":"page","link":"https:\/\/cdwaste-managevet.com\/fr\/projects-outputs\/","title":{"rendered":"R\u00c9SULTATS ATTENDUS"},"content":{"rendered":"<div class=\"wpb-content-wrapper\"><p>[vc_row][vc_column][vc_column_text]Les principaux <strong>r\u00e9sultats tangibles du projet seront les suivants <\/strong>:<\/p>\n<ul>\n<li>Un <strong><a href=\"https:\/\/cdwaste-managevet.com\/wp-content\/uploads\/2022\/08\/CDW_IO1_TRANSNATIONALBP-Handbook_FR.pdf\">manuel d&rsquo;analyse<\/a><\/strong>et <strong><a href=\"https:\/\/cdwaste-managevet.com\/wp-content\/uploads\/2022\/08\/CDWaste-Recueil-Bp-FR.docx.pdf\">de bonnes pratiques<\/a><\/strong> ax\u00e9 sur l&rsquo;industrie, visant \u00e0 \u00e9tudier les comp\u00e9tences prospectives requises en mati\u00e8re de gestion des CDW.<\/li>\n<li>Un<a href=\"https:\/\/cdwaste-managevet.com\/wp-content\/uploads\/2022\/08\/IO2-Training-manual-FR-final.pdf\"><strong> cursus CDWaste-ManageVE<\/strong><strong>T<\/strong><\/a> avec <a href=\"https:\/\/cdwaste-managevet.com\/wp-content\/uploads\/2022\/10\/IO2.A3.-WLB-Component-Manual_FV_FR.docx\"><strong>une composante d\u2019apprentissage \u00abWork Based Learnig\u00bb.<\/strong><\/a><\/li>\n<li>Une <a href=\"https:\/\/moodle.isq.pt\/course\/index.php?lang=fr\"><strong>plateforme de formation<\/strong><\/a> en ligne CDWaste-ManageVET<\/li>\n<li>Une<strong> <a href=\"https:\/\/cdwaste-managevet.com\/wp-content\/uploads\/2022\/09\/Pilot-report-OEC-FR.pptx\">session pilote du programme<\/a> <\/strong>et de la plateforme de formation<\/li>\n<\/ul>\n<p><strong>\u00a0<\/strong><\/p>\n<h3><strong>Impacts<\/strong><\/h3>\n<p>Les activit\u00e9s et Productions Intellectuelles du projet CD Waste-ManageVET auront <strong>des retomb\u00e9es positives souhait\u00e9es sur les groupes cibles directs et indirects.<\/strong><\/p>\n<p><strong>Les employ\u00e9s du b\u00e2timent connaitront des opportunit\u00e9s de carri\u00e8res accrues <\/strong>ainsi qu\u2019une <strong>meilleure int\u00e9gration sur un march\u00e9 plus vert et \u00e9volutif.<\/strong><\/p>\n<p>Cela cr\u00e9era une image positive des entreprises locales qui <strong>encouragent la gestion durable des CDW <\/strong>et sensibilisera aux outils d\u2019apprentissage innovants.<\/p>\n<p>Au niveau national, <strong>les bonnes pratiques r\u00e9gionales seront diffus\u00e9es et appliqu\u00e9es <\/strong>et on attend une augmentation du nombre de formateurs professionnels travaillant avec des concepts didactiques transf\u00e9rables.<\/p>\n<p>A l\u2019\u00e9chelle europ\u00e9enne, <strong>une meilleure coop\u00e9ration <\/strong>entre r\u00e9gions concernant les projets d&rsquo;apprentissage participatif et <strong>davantage de contacts et synergies<\/strong>\u00a0 ; une capacit\u00e9 accrue au niveau du professionnalisme (prestataires de la FEP, formateurs, secteur \u00e9ducatif).<\/p>\n<p>Enfin<strong>, une coop\u00e9ration renforc\u00e9e entre les repr\u00e9sentants des prestataires de la FEP et les acteurs du secteur de la construction.<\/strong><\/p>\n<p><strong>\u00a0<\/strong><\/p>\n<h3><strong>Groupes Cibles<\/strong><\/h3>\n<p>CDWaste-ManageVET s&rsquo;adresse aux groupes cibles suivants:<\/p>\n<ul>\n<li><strong>Les employ\u00e9s du secteur du b\u00e2timent<\/strong>. Ils vont \u00eatre directement touch\u00e9s puisqu\u2019ils d\u00e9velopperont des aptitudes et des comp\u00e9tences r\u00e9pondant aux besoins croissants dans le domaine de la gestion des d\u00e9chets C&amp;D et de l\u2019\u00e9conomie circulaire. En cons\u00e9quence, de nouvelles opportunit\u00e9s seront ouvertes soit pour l&rsquo;int\u00e9gration sur le march\u00e9 du travail, soit pour garantir de meilleures conditions de travail.\u00a0Au moins 90 apprenants de la FEP d\u00e9velopperont leurs comp\u00e9tences en mati\u00e8re de gestion des d\u00e9chets C&amp;D et, parmi eux, 30 stagiaires seront s\u00e9lectionn\u00e9s pour participer \u00e0 un programme de stage\/mentorat \u00e0 petite \u00e9chelle.<\/li>\n<li><strong>Les prestataires de la FEP, formateurs, \u00e9tablissements d&rsquo;enseignement sup\u00e9rieur, secteur \u00e9ducatif au sens large<\/strong>. Ils int\u00e9greront un VOOC (Formation Professionnelle Ouverte en Ligne) moderne et innovant sur la gestion des d\u00e9chets C&amp;D\u00a0: outils de formation num\u00e9riques novateurs, composante WBL (Work Based Learnig). Au moins 18 prestataires de l&rsquo;EFP am\u00e9lioreront les nouveaux programmes de formation en int\u00e9grant les r\u00e9sultats du projet.<\/li>\n<li><strong>Les parties prenantes, associations du secteur de la construction, PME, industrie de la gestion et du recyclage des d\u00e9chets, organisations de jeunesse actives dans les questions environnementales, d\u00e9cideurs politiques<\/strong>. Ils renforceront leurs capacit\u00e9s en \u00e9changeant des informations et des bonnes pratiques afin de formuler des recommandations sur l&rsquo;\u00e9volution des comp\u00e9tences et des emplois en ce qui concerne la gestion efficace des CDW et d&rsquo;aider le secteur de la construction \u00e0 devenir plus comp\u00e9titif, plus \u00e9conome en ressources et plus durable. En outre, le dialogue social sera renforc\u00e9 et un r\u00e9seau sera mis en place afin d&rsquo;am\u00e9liorer l&rsquo;\u00e9change d&rsquo;informations sur ces besoins, y compris la volont\u00e9 du secteur de la construction d&rsquo;adopter des pratiques d&rsquo;utilisation efficace des ressources, ainsi que la capacit\u00e9 des syst\u00e8mes d&rsquo;\u00e9ducation et en particulier des prestataires de formation professionnelle \u00e0 r\u00e9pondre \u00e0 ces besoins.<\/li>\n<li><strong>Le partenariat du projet<\/strong>.\u00a0Ils d\u00e9velopperont leurs capacit\u00e9s et renforceront leurs r\u00e9seaux dans les domaines et les sujets du projet.<\/li>\n<\/ul>\n<p>[\/vc_column_text][\/vc_column][\/vc_row]<\/p>\n<\/div>","protected":false},"excerpt":{"rendered":"<p>[vc_row][vc_column][vc_column_text]Les principaux r\u00e9sultats tangibles du projet seront les suivants : Un manuel d&rsquo;analyseet de bonnes pratiques ax\u00e9 sur l&rsquo;industrie, visant \u00e0 \u00e9tudier les comp\u00e9tences prospectives requises en mati\u00e8re de gestion des CDW. Un cursus CDWaste-ManageVET avec une composante d\u2019apprentissage \u00abWork Based Learnig\u00bb. Une plateforme de formation en ligne CDWaste-ManageVET Une session pilote du programme et&hellip;<\/p>\n","protected":false},"author":1,"featured_media":0,"parent":0,"menu_order":0,"comment_status":"closed","ping_status":"closed","template":"","meta":{"footnotes":""},"class_list":["post-620","page","type-page","status-publish","hentry","description-off"],"yoast_head":"<!-- This site is optimized with the Yoast SEO plugin v26.2 - https:\/\/yoast.com\/wordpress\/plugins\/seo\/ -->\n<title>R\u00c9SULTATS ATTENDUS - CDWaste-ManageVET (2019-2023)<\/title>\n<meta name=\"robots\" content=\"index, follow, max-snippet:-1, max-image-preview:large, max-video-preview:-1\" \/>\n<link rel=\"canonical\" href=\"https:\/\/cdwaste-managevet.com\/projects-outputs\/\" \/>\n<meta property=\"og:locale\" content=\"fr_FR\" \/>\n<meta property=\"og:type\" content=\"article\" \/>\n<meta property=\"og:title\" content=\"R\u00c9SULTATS ATTENDUS - CDWaste-ManageVET (2019-2023)\" \/>\n<meta property=\"og:description\" content=\"[vc_row][vc_column][vc_column_text]Les principaux r\u00e9sultats tangibles du projet seront les suivants : Un manuel d&rsquo;analyseet de bonnes pratiques ax\u00e9 sur l&rsquo;industrie, visant \u00e0 \u00e9tudier les comp\u00e9tences prospectives requises en mati\u00e8re de gestion des CDW. Un cursus CDWaste-ManageVET avec une composante d\u2019apprentissage \u00abWork Based Learnig\u00bb. Une plateforme de formation en ligne CDWaste-ManageVET Une session pilote du programme et&hellip;\" \/>\n<meta property=\"og:url\" content=\"https:\/\/cdwaste-managevet.com\/projects-outputs\/\" \/>\n<meta property=\"og:site_name\" content=\"CDWaste-ManageVET (2019-2023)\" \/>\n<meta property=\"article:modified_time\" content=\"2022-10-08T15:16:52+00:00\" \/>\n<meta name=\"twitter:card\" content=\"summary_large_image\" \/>\n<meta name=\"twitter:label1\" content=\"Dur\u00e9e de lecture estim\u00e9e\" \/>\n\t<meta name=\"twitter:data1\" content=\"3 minutes\" \/>\n<script type=\"application\/ld+json\" class=\"yoast-schema-graph\">{\"@context\":\"https:\/\/schema.org\",\"@graph\":[{\"@type\":\"WebPage\",\"@id\":\"https:\/\/cdwaste-managevet.com\/projects-outputs\/\",\"url\":\"https:\/\/cdwaste-managevet.com\/projects-outputs\/\",\"name\":\"R\u00c9SULTATS ATTENDUS - CDWaste-ManageVET (2019-2023)\",\"isPartOf\":{\"@id\":\"https:\/\/cdwaste-managevet.com\/#website\"},\"datePublished\":\"2020-04-21T12:50:51+00:00\",\"dateModified\":\"2022-10-08T15:16:52+00:00\",\"breadcrumb\":{\"@id\":\"https:\/\/cdwaste-managevet.com\/projects-outputs\/#breadcrumb\"},\"inLanguage\":\"fr-FR\",\"potentialAction\":[{\"@type\":\"ReadAction\",\"target\":[\"https:\/\/cdwaste-managevet.com\/projects-outputs\/\"]}]},{\"@type\":\"BreadcrumbList\",\"@id\":\"https:\/\/cdwaste-managevet.com\/projects-outputs\/#breadcrumb\",\"itemListElement\":[{\"@type\":\"ListItem\",\"position\":1,\"name\":\"Home\",\"item\":\"https:\/\/cdwaste-managevet.com\/fr\/\"},{\"@type\":\"ListItem\",\"position\":2,\"name\":\"R\u00c9SULTATS ATTENDUS\"}]},{\"@type\":\"WebSite\",\"@id\":\"https:\/\/cdwaste-managevet.com\/#website\",\"url\":\"https:\/\/cdwaste-managevet.com\/\",\"name\":\"CDWaste-ManageVET (2019-2023)\",\"description\":\"\",\"potentialAction\":[{\"@type\":\"SearchAction\",\"target\":{\"@type\":\"EntryPoint\",\"urlTemplate\":\"https:\/\/cdwaste-managevet.com\/?s={search_term_string}\"},\"query-input\":{\"@type\":\"PropertyValueSpecification\",\"valueRequired\":true,\"valueName\":\"search_term_string\"}}],\"inLanguage\":\"fr-FR\"}]}<\/script>\n<!-- \/ Yoast SEO plugin. -->","yoast_head_json":{"title":"R\u00c9SULTATS ATTENDUS - CDWaste-ManageVET (2019-2023)","robots":{"index":"index","follow":"follow","max-snippet":"max-snippet:-1","max-image-preview":"max-image-preview:large","max-video-preview":"max-video-preview:-1"},"canonical":"https:\/\/cdwaste-managevet.com\/projects-outputs\/","og_locale":"fr_FR","og_type":"article","og_title":"R\u00c9SULTATS ATTENDUS - CDWaste-ManageVET (2019-2023)","og_description":"[vc_row][vc_column][vc_column_text]Les principaux r\u00e9sultats tangibles du projet seront les suivants : Un manuel d&rsquo;analyseet de bonnes pratiques ax\u00e9 sur l&rsquo;industrie, visant \u00e0 \u00e9tudier les comp\u00e9tences prospectives requises en mati\u00e8re de gestion des CDW. Un cursus CDWaste-ManageVET avec une composante d\u2019apprentissage \u00abWork Based Learnig\u00bb. Une plateforme de formation en ligne CDWaste-ManageVET Une session pilote du programme et&hellip;","og_url":"https:\/\/cdwaste-managevet.com\/projects-outputs\/","og_site_name":"CDWaste-ManageVET (2019-2023)","article_modified_time":"2022-10-08T15:16:52+00:00","twitter_card":"summary_large_image","twitter_misc":{"Dur\u00e9e de lecture estim\u00e9e":"3 minutes"},"schema":{"@context":"https:\/\/schema.org","@graph":[{"@type":"WebPage","@id":"https:\/\/cdwaste-managevet.com\/projects-outputs\/","url":"https:\/\/cdwaste-managevet.com\/projects-outputs\/","name":"R\u00c9SULTATS ATTENDUS - CDWaste-ManageVET (2019-2023)","isPartOf":{"@id":"https:\/\/cdwaste-managevet.com\/#website"},"datePublished":"2020-04-21T12:50:51+00:00","dateModified":"2022-10-08T15:16:52+00:00","breadcrumb":{"@id":"https:\/\/cdwaste-managevet.com\/projects-outputs\/#breadcrumb"},"inLanguage":"fr-FR","potentialAction":[{"@type":"ReadAction","target":["https:\/\/cdwaste-managevet.com\/projects-outputs\/"]}]},{"@type":"BreadcrumbList","@id":"https:\/\/cdwaste-managevet.com\/projects-outputs\/#breadcrumb","itemListElement":[{"@type":"ListItem","position":1,"name":"Home","item":"https:\/\/cdwaste-managevet.com\/fr\/"},{"@type":"ListItem","position":2,"name":"R\u00c9SULTATS ATTENDUS"}]},{"@type":"WebSite","@id":"https:\/\/cdwaste-managevet.com\/#website","url":"https:\/\/cdwaste-managevet.com\/","name":"CDWaste-ManageVET (2019-2023)","description":"","potentialAction":[{"@type":"SearchAction","target":{"@type":"EntryPoint","urlTemplate":"https:\/\/cdwaste-managevet.com\/?s={search_term_string}"},"query-input":{"@type":"PropertyValueSpecification","valueRequired":true,"valueName":"search_term_string"}}],"inLanguage":"fr-FR"}]}},"_links":{"self":[{"href":"https:\/\/cdwaste-managevet.com\/fr\/wp-json\/wp\/v2\/pages\/620","targetHints":{"allow":["GET"]}}],"collection":[{"href":"https:\/\/cdwaste-managevet.com\/fr\/wp-json\/wp\/v2\/pages"}],"about":[{"href":"https:\/\/cdwaste-managevet.com\/fr\/wp-json\/wp\/v2\/types\/page"}],"author":[{"embeddable":true,"href":"https:\/\/cdwaste-managevet.com\/fr\/wp-json\/wp\/v2\/users\/1"}],"replies":[{"embeddable":true,"href":"https:\/\/cdwaste-managevet.com\/fr\/wp-json\/wp\/v2\/comments?post=620"}],"version-history":[{"count":18,"href":"https:\/\/cdwaste-managevet.com\/fr\/wp-json\/wp\/v2\/pages\/620\/revisions"}],"predecessor-version":[{"id":2619,"href":"https:\/\/cdwaste-managevet.com\/fr\/wp-json\/wp\/v2\/pages\/620\/revisions\/2619"}],"wp:attachment":[{"href":"https:\/\/cdwaste-managevet.com\/fr\/wp-json\/wp\/v2\/media?parent=620"}],"curies":[{"name":"wp","href":"https:\/\/api.w.org\/{rel}","templated":true}]}}