{"id":590,"date":"2020-04-21T12:51:54","date_gmt":"2020-04-21T12:51:54","guid":{"rendered":"https:\/\/cdwaste-managevet.com\/courses\/"},"modified":"2022-08-17T14:07:32","modified_gmt":"2022-08-17T14:07:32","slug":"courses","status":"publish","type":"page","link":"https:\/\/cdwaste-managevet.com\/es\/courses\/","title":{"rendered":"CURSOS"},"content":{"rendered":"<div class=\"wpb-content-wrapper\"><p>[vc_row][vc_column][vc_column_text]Encuentre <a href=\"https:\/\/moodle.isq.pt\/\"><strong>aqu\u00ed<\/strong><\/a> la plataforma de formaci\u00f3n en l\u00ednea CDWaste-ManageVET.<\/p>\n<p>Si desea navegar en FR, ES, PT, GR o IT, env\u00ede sus datos de inscripci\u00f3n al siguiente \u00ab<a href=\"https:\/\/freeonlinesurveys.com\/s\/vPwTaUOv#\/0\">enlace<\/a>\u00bb En cuanto est\u00e9 inscrito, recibir\u00e1 un correo electr\u00f3nico autom\u00e1tico con m\u00e1s instrucciones.<\/p>\n<p>Si necesita m\u00e1s ayuda, p\u00f3ngase en contacto con nosotros ISQ formacao@isq.pt[\/vc_column_text][\/vc_column][\/vc_row]<\/p>\n<\/div>","protected":false},"excerpt":{"rendered":"<p>[vc_row][vc_column][vc_column_text]Encuentre aqu\u00ed la plataforma de formaci\u00f3n en l\u00ednea CDWaste-ManageVET. Si desea navegar en FR, ES, PT, GR o IT, env\u00ede sus datos de inscripci\u00f3n al siguiente \u00abenlace\u00bb En cuanto est\u00e9 inscrito, recibir\u00e1 un correo electr\u00f3nico autom\u00e1tico con m\u00e1s instrucciones. Si necesita m\u00e1s ayuda, p\u00f3ngase en contacto con nosotros ISQ formacao@isq.pt[\/vc_column_text][\/vc_column][\/vc_row]<\/p>\n","protected":false},"author":1,"featured_media":0,"parent":0,"menu_order":0,"comment_status":"closed","ping_status":"closed","template":"","meta":{"footnotes":""},"class_list":["post-590","page","type-page","status-publish","hentry","description-off"],"yoast_head":"<!-- This site is optimized with the Yoast SEO plugin v26.2 - https:\/\/yoast.com\/wordpress\/plugins\/seo\/ -->\n<title>CURSOS - CDWaste-ManageVET (2019-2023)<\/title>\n<meta name=\"robots\" content=\"index, follow, max-snippet:-1, max-image-preview:large, max-video-preview:-1\" \/>\n<link rel=\"canonical\" href=\"https:\/\/cdwaste-managevet.com\/ro\/courses\/\" \/>\n<meta property=\"og:locale\" content=\"es_ES\" \/>\n<meta property=\"og:type\" content=\"article\" \/>\n<meta property=\"og:title\" content=\"CURSOS - CDWaste-ManageVET (2019-2023)\" \/>\n<meta property=\"og:description\" content=\"[vc_row][vc_column][vc_column_text]Encuentre aqu\u00ed la plataforma de formaci\u00f3n en l\u00ednea CDWaste-ManageVET. Si desea navegar en FR, ES, PT, GR o IT, env\u00ede sus datos de inscripci\u00f3n al siguiente \u00abenlace\u00bb En cuanto est\u00e9 inscrito, recibir\u00e1 un correo electr\u00f3nico autom\u00e1tico con m\u00e1s instrucciones. Si necesita m\u00e1s ayuda, p\u00f3ngase en contacto con nosotros ISQ formacao@isq.pt[\/vc_column_text][\/vc_column][\/vc_row]\" \/>\n<meta property=\"og:url\" content=\"https:\/\/cdwaste-managevet.com\/ro\/courses\/\" \/>\n<meta property=\"og:site_name\" content=\"CDWaste-ManageVET (2019-2023)\" \/>\n<meta property=\"article:modified_time\" content=\"2022-08-17T14:07:32+00:00\" \/>\n<meta name=\"twitter:card\" content=\"summary_large_image\" \/>\n<meta name=\"twitter:label1\" content=\"Tiempo de lectura\" \/>\n\t<meta name=\"twitter:data1\" content=\"1 minuto\" \/>\n<script type=\"application\/ld+json\" class=\"yoast-schema-graph\">{\"@context\":\"https:\/\/schema.org\",\"@graph\":[{\"@type\":\"WebPage\",\"@id\":\"https:\/\/cdwaste-managevet.com\/ro\/courses\/\",\"url\":\"https:\/\/cdwaste-managevet.com\/ro\/courses\/\",\"name\":\"CURSOS - CDWaste-ManageVET (2019-2023)\",\"isPartOf\":{\"@id\":\"https:\/\/cdwaste-managevet.com\/#website\"},\"datePublished\":\"2020-04-21T12:51:54+00:00\",\"dateModified\":\"2022-08-17T14:07:32+00:00\",\"breadcrumb\":{\"@id\":\"https:\/\/cdwaste-managevet.com\/ro\/courses\/#breadcrumb\"},\"inLanguage\":\"es\",\"potentialAction\":[{\"@type\":\"ReadAction\",\"target\":[\"https:\/\/cdwaste-managevet.com\/ro\/courses\/\"]}]},{\"@type\":\"BreadcrumbList\",\"@id\":\"https:\/\/cdwaste-managevet.com\/ro\/courses\/#breadcrumb\",\"itemListElement\":[{\"@type\":\"ListItem\",\"position\":1,\"name\":\"Home\",\"item\":\"https:\/\/cdwaste-managevet.com\/es\/\"},{\"@type\":\"ListItem\",\"position\":2,\"name\":\"CURSOS\"}]},{\"@type\":\"WebSite\",\"@id\":\"https:\/\/cdwaste-managevet.com\/#website\",\"url\":\"https:\/\/cdwaste-managevet.com\/\",\"name\":\"CDWaste-ManageVET (2019-2023)\",\"description\":\"\",\"potentialAction\":[{\"@type\":\"SearchAction\",\"target\":{\"@type\":\"EntryPoint\",\"urlTemplate\":\"https:\/\/cdwaste-managevet.com\/?s={search_term_string}\"},\"query-input\":{\"@type\":\"PropertyValueSpecification\",\"valueRequired\":true,\"valueName\":\"search_term_string\"}}],\"inLanguage\":\"es\"}]}<\/script>\n<!-- \/ Yoast SEO plugin. -->","yoast_head_json":{"title":"CURSOS - CDWaste-ManageVET (2019-2023)","robots":{"index":"index","follow":"follow","max-snippet":"max-snippet:-1","max-image-preview":"max-image-preview:large","max-video-preview":"max-video-preview:-1"},"canonical":"https:\/\/cdwaste-managevet.com\/ro\/courses\/","og_locale":"es_ES","og_type":"article","og_title":"CURSOS - CDWaste-ManageVET (2019-2023)","og_description":"[vc_row][vc_column][vc_column_text]Encuentre aqu\u00ed la plataforma de formaci\u00f3n en l\u00ednea CDWaste-ManageVET. Si desea navegar en FR, ES, PT, GR o IT, env\u00ede sus datos de inscripci\u00f3n al siguiente \u00abenlace\u00bb En cuanto est\u00e9 inscrito, recibir\u00e1 un correo electr\u00f3nico autom\u00e1tico con m\u00e1s instrucciones. Si necesita m\u00e1s ayuda, p\u00f3ngase en contacto con nosotros ISQ formacao@isq.pt[\/vc_column_text][\/vc_column][\/vc_row]","og_url":"https:\/\/cdwaste-managevet.com\/ro\/courses\/","og_site_name":"CDWaste-ManageVET (2019-2023)","article_modified_time":"2022-08-17T14:07:32+00:00","twitter_card":"summary_large_image","twitter_misc":{"Tiempo de lectura":"1 minuto"},"schema":{"@context":"https:\/\/schema.org","@graph":[{"@type":"WebPage","@id":"https:\/\/cdwaste-managevet.com\/ro\/courses\/","url":"https:\/\/cdwaste-managevet.com\/ro\/courses\/","name":"CURSOS - CDWaste-ManageVET (2019-2023)","isPartOf":{"@id":"https:\/\/cdwaste-managevet.com\/#website"},"datePublished":"2020-04-21T12:51:54+00:00","dateModified":"2022-08-17T14:07:32+00:00","breadcrumb":{"@id":"https:\/\/cdwaste-managevet.com\/ro\/courses\/#breadcrumb"},"inLanguage":"es","potentialAction":[{"@type":"ReadAction","target":["https:\/\/cdwaste-managevet.com\/ro\/courses\/"]}]},{"@type":"BreadcrumbList","@id":"https:\/\/cdwaste-managevet.com\/ro\/courses\/#breadcrumb","itemListElement":[{"@type":"ListItem","position":1,"name":"Home","item":"https:\/\/cdwaste-managevet.com\/es\/"},{"@type":"ListItem","position":2,"name":"CURSOS"}]},{"@type":"WebSite","@id":"https:\/\/cdwaste-managevet.com\/#website","url":"https:\/\/cdwaste-managevet.com\/","name":"CDWaste-ManageVET (2019-2023)","description":"","potentialAction":[{"@type":"SearchAction","target":{"@type":"EntryPoint","urlTemplate":"https:\/\/cdwaste-managevet.com\/?s={search_term_string}"},"query-input":{"@type":"PropertyValueSpecification","valueRequired":true,"valueName":"search_term_string"}}],"inLanguage":"es"}]}},"_links":{"self":[{"href":"https:\/\/cdwaste-managevet.com\/es\/wp-json\/wp\/v2\/pages\/590","targetHints":{"allow":["GET"]}}],"collection":[{"href":"https:\/\/cdwaste-managevet.com\/es\/wp-json\/wp\/v2\/pages"}],"about":[{"href":"https:\/\/cdwaste-managevet.com\/es\/wp-json\/wp\/v2\/types\/page"}],"author":[{"embeddable":true,"href":"https:\/\/cdwaste-managevet.com\/es\/wp-json\/wp\/v2\/users\/1"}],"replies":[{"embeddable":true,"href":"https:\/\/cdwaste-managevet.com\/es\/wp-json\/wp\/v2\/comments?post=590"}],"version-history":[{"count":16,"href":"https:\/\/cdwaste-managevet.com\/es\/wp-json\/wp\/v2\/pages\/590\/revisions"}],"predecessor-version":[{"id":2467,"href":"https:\/\/cdwaste-managevet.com\/es\/wp-json\/wp\/v2\/pages\/590\/revisions\/2467"}],"wp:attachment":[{"href":"https:\/\/cdwaste-managevet.com\/es\/wp-json\/wp\/v2\/media?parent=590"}],"curies":[{"name":"wp","href":"https:\/\/api.w.org\/{rel}","templated":true}]}}